{"id":106,"date":"2023-11-01T09:26:46","date_gmt":"2023-11-01T08:26:46","guid":{"rendered":"https:\/\/visiteperelachaise.online\/?page_id=106"},"modified":"2023-12-07T15:22:50","modified_gmt":"2023-12-07T14:22:50","slug":"honore-de-balzac","status":"publish","type":"page","link":"https:\/\/visiteperelachaise.online\/?page_id=106","title":{"rendered":"Honor\u00e9 de Balzac 1799-1850"},"content":{"rendered":"\n\n\t<h1>Honor\u00e9 de Balzac 1799-1850<\/h1>\n\t\t\t\t<img decoding=\"async\" src=\"http:\/\/visiteperelachaise.online\/wp-content\/uploads\/2023\/11\/20231011_093039-scaled.jpg\" alt=\"20231011_093039\" itemprop=\"image\" title=\"20231011_093039\" onerror=\"this.style.display='none'\"  \/>\n\t<p>&nbsp;<\/p>\nDescendons le chemin Casimir Delavigne et l\u00e0 tout de suite on l&#8217;aper\u00e7oit&#8230;<br \/>\nLe buste, sign\u00e9 David d&#8217;Anger et une plume sur un livre intitul\u00e9 la com\u00e9die<br \/>\nhumaine&#8230; Plus de doute nous sommes bien devant la tombe d&#8217;Honor\u00e9 de Balzac.<br \/>\nIl pleut \u00e0 Paris le jour de son enterrement, mais des milliers de Parisiens traversent la ville et viennent se recueillir ici m\u00eame sur les hauteurs du cimeti\u00e8re. On dresse une petite estrade depuis laquelle Victor Hugo doit prononcer un \u00e9loge fun\u00e8bre. Un \u00e9v\u00e9nement ! Le discours commence, tr\u00e8s vite la pluie redouble, il d\u00e9clame, s&#8217;emporte et dans l&#8217;une de ses envol\u00e9es lyriques, Hugo perd l&#8217;\u00e9quilibre, pousse un grand cri, glisse et tr\u00e9buche en arri\u00e8re, rejoignant ainsi quelques minutes le cercueil de son ami Balzac!! Il y a tant de monde ce jour l\u00e0 que de nombreux Parisiens n&#8217;ont pas vu la sc\u00e8ne et ne comprennent que quelques minutes plus tard, gr\u00e2ce au bouche \u00e0 oreille, la terrible d\u00e9convenue. Ils garderont en m\u00e9moire un discours m\u00e9morable coup\u00e9 par un hurlement suivi du fou-rire des premiers rangs!\nParmi ses nombreuses liaisons f\u00e9minines, Balzac a courtis\u00e9 pendant plus de dix sept ans la comtesse Hanska qu&#8217;il \u00e9pouse finalement le 14 mai 1850, quelques mois avant sa mort. Elle repose avec lui depuis 1882.<br \/>\nA ce sujet je vous demanderai une attention particuli\u00e8re. Regardez bien les noms inscrits sur le socle de la tombe, en face et sur les c\u00f4t\u00e9s. Vous y trouverez trois noms. La veuve de Balzac n&#8217;est pas inscrite en face comme on pourrait logiquement le supposer mais sur le c\u00f4t\u00e9 droit, sous le nom de Eve comtesse Rzewuska. C&#8217;est le nom de son premier mariage. Sa fille issue de cette premi\u00e8re union est en face de nous : Anne Marie- Joseph comtesse Hanska, son mari est le troisi\u00e8me nom inscrit sur la gauche.<br \/>\nDerni\u00e8re petite chose avant de continuer le parcours, Retournez vous&#8230;<br \/>\nRegardez la colonne, c&#8217;est la tombe du po\u00e8te G\u00e9rard de Nerval.\n\t<p><em>Descendez maintenant jusqu&#8217;au carrefour, prenez la premi\u00e8re \u00e0 gauche l&#8217;av. <\/em><em>Eug\u00e8ne Delacroix et tournez presque imm\u00e9diatement \u00e0 droite en face de la <\/em><em>tombe de Delacroix dans le chemin de la cave.<\/em><\/p>\n\t\t\t\t<img decoding=\"async\" src=\"http:\/\/visiteperelachaise.online\/wp-content\/uploads\/2023\/11\/20231103_091449-scaled.jpg\" alt=\"20231103_091449\" itemprop=\"image\" title=\"20231103_091449\" onerror=\"this.style.display='none'\"  \/>\n\tRegardez au passage la tombe du peintre. Est ce que quelque chose vous interpelle ? Pas de texte, rien de repr\u00e9sentatif&#8230;<br \/>\nDelacroix voulait la s\u00e9pulture la plus simple possible. Si vous observez bien vous verrez beaucoup de tombes identiques \u00e0 celle-ci dans la promenade. Celle de Delacroix se distingue tout de m\u00eame : elle est en basalte, une lave volcanique.<br \/>\nPoursuivons notre route dans le chemin de la cave pour nous rendre sur la tombe de Victor Schoelcher.<br \/>\nPeut \u00eatre que Balzac place ici m\u00eame, dans ce chemin, son personnage Rastignac lorsqu&#8217;il crie sa c\u00e9l\u00e8bre r\u00e9plique \u00abA nous deux maintenant !\u00bb dans &#8220;Le P\u00e8re Goriot&#8221;. L&#8217;urbanisation a chang\u00e9 la vue sur le centre de Paris mais on peut imaginer qu&#8217;en 1819, Rastignac pouvait tout \u00e0 fait voir la colonne de la place Vend\u00f4me et le d\u00f4me des Invalides. Mais je vous arr\u00eate tout de suite si vous vous demandez o\u00f9 se trouve la tombe du p\u00e8re Goriot, vous faites fausse route !!\n\t<p><em>Au bout du chemin de la cave vous allez croiser l&#8217;av. Feuillant traversez la et <\/em><em>continuez tout droit dans le chemin Cabail. Marchez jusqu&#8217;\u00e0 l&#8217;intersection du <\/em><em>chemin Cabail et de l&#8217;avenue de Saint-Morys. La tombe du p\u00e8re et du fils <\/em><em>Schoelcher se trouve tout de suite \u00e0 gauche dans l&#8217;avenue de Saint-Morys.<\/em><\/p>\n\t\t\t<a href=\"https:\/\/visiteperelachaise.online\/?page_id=132\" target=\"_self\" rel=\"noopener\">\n\t\t\t\t\t\t\tVictor Schoelcher\n\t\t\t\t\t<\/a>\n\n","protected":false},"excerpt":{"rendered":"<p>Honor\u00e9 de Balzac 1799-1850 &nbsp; Descendons le chemin Casimir Delavigne et l\u00e0 tout de suite on l&#8217;aper\u00e7oit&#8230; Le buste, sign\u00e9 David d&#8217;Anger et une plume sur un livre intitul\u00e9 la com\u00e9die humaine&#8230; Plus de doute nous sommes bien devant la tombe d&#8217;Honor\u00e9 de Balzac. Il pleut \u00e0 Paris le jour de son enterrement, mais des [&hellip;]<\/p>\n","protected":false},"author":1,"featured_media":0,"parent":0,"menu_order":0,"comment_status":"closed","ping_status":"closed","template":"","meta":{"om_disable_all_campaigns":false,"footnotes":""},"aioseo_notices":[],"_links":{"self":[{"href":"https:\/\/visiteperelachaise.online\/index.php?rest_route=\/wp\/v2\/pages\/106"}],"collection":[{"href":"https:\/\/visiteperelachaise.online\/index.php?rest_route=\/wp\/v2\/pages"}],"about":[{"href":"https:\/\/visiteperelachaise.online\/index.php?rest_route=\/wp\/v2\/types\/page"}],"author":[{"embeddable":true,"href":"https:\/\/visiteperelachaise.online\/index.php?rest_route=\/wp\/v2\/users\/1"}],"replies":[{"embeddable":true,"href":"https:\/\/visiteperelachaise.online\/index.php?rest_route=%2Fwp%2Fv2%2Fcomments&post=106"}],"version-history":[{"count":15,"href":"https:\/\/visiteperelachaise.online\/index.php?rest_route=\/wp\/v2\/pages\/106\/revisions"}],"predecessor-version":[{"id":341,"href":"https:\/\/visiteperelachaise.online\/index.php?rest_route=\/wp\/v2\/pages\/106\/revisions\/341"}],"wp:attachment":[{"href":"https:\/\/visiteperelachaise.online\/index.php?rest_route=%2Fwp%2Fv2%2Fmedia&parent=106"}],"curies":[{"name":"wp","href":"https:\/\/api.w.org\/{rel}","templated":true}]}}