{"id":132,"date":"2023-11-02T16:37:01","date_gmt":"2023-11-02T15:37:01","guid":{"rendered":"https:\/\/visiteperelachaise.online\/?page_id=132"},"modified":"2024-01-11T19:13:47","modified_gmt":"2024-01-11T18:13:47","slug":"marc-et-victor-schoelcher-1766-1832-1804-1893","status":"publish","type":"page","link":"https:\/\/visiteperelachaise.online\/?page_id=132","title":{"rendered":"Marc et Victor Schoelcher 1766-1832 \/ 1804-1893"},"content":{"rendered":"\n\n\t<h1>Marc et Victor Schoelcher 1766-1832 \/ 1804-1893<\/h1>\n\t\t\t\t<img decoding=\"async\" src=\"http:\/\/visiteperelachaise.online\/wp-content\/uploads\/2024\/01\/20240111_131844-scaled.jpg\" alt=\"20240111_131844\" itemprop=\"image\" title=\"20240111_131844\" onerror=\"this.style.display='none'\"  \/>\n\tVictor Schoelcher&#8230; Son nom est aujourd&#8217;hui un peu oubli\u00e9 mais cet homme est \u00e0 l&#8217;origine de l&#8217;abolition d\u00e9finitive de l&#8217;esclavage en France, le 27 avril 1848 exactement! C&#8217;est son p\u00e8re, Marc Schoelcher qui repose \u00e0 ses c\u00f4t\u00e9s.<br \/>\nCe fabricant parisien de porcelaine va sans le savoir pousser son fils \u00e0 poursuivre un destin politique et humaniste.<br \/>\nNous sommes en 1828, Schoelcher P\u00e8re d\u00e9cide d&#8217;\u00e9largir son commerce de porcelaine et envoie son fils aux Am\u00e9riques. L\u00e0 bas Victor est assez peu motiv\u00e9 par cette nouvelle activit\u00e9. Il pr\u00e9f\u00e8re d\u00e9couvrir les pays qu&#8217;il visite. Il s&#8217;int\u00e9resse surtout aux hommes et \u00e0 leurs conditions de vie d\u00e9couvrant ainsi de pr\u00e8s la r\u00e9alit\u00e9 atroce de l&#8217;esclavagisme au Mexique, aux \u00c9tats-Unis, et \u00e0 Cuba.<br \/>\nC&#8217;est en 1830, \u00e0 son retour de voyage, que commencent ses combats qui le m\u00e8neront \u00e0 la renomm\u00e9e que nous lui connaissons.\nObservons leur tombe. La sculpture repr\u00e9sente peut \u00eatre le p\u00e8re et le fils mais c&#8217;est surtout une parabole des deux facettes id\u00e9ales de la vie ouvri\u00e8re. A droite le travail manuel dans la journ\u00e9e et \u00e0 gauche le temps consacr\u00e9 \u00e0 l&#8217;\u00e9tude le soir. S&#8217;il ne remarquait pas l&#8217;inscription en bas \u00e0 gauche \u00abLib\u00e9rateur des esclaves\u00bb un n\u00e9ophyte pourrait difficilement comprendre ce que tiennent dans leurs mains ses deux personnages. Regardez de plus pr\u00e8s : Un livre&#8230; le code noir et des ustensiles \u00e9tranges&#8230; Des fers \u00e0 marquer les esclaves. Quelques d\u00e9tails sur cette s\u00e9pulture nous indiquent que Victor Schoelcher \u00e9tait franc ma\u00e7on. D&#8217;abord, les ailes et le sablier, synonymes d&#8217;intemporalit\u00e9. Ensuite, regardez bien la position des doigts sur le code noir : 3 doigts \u00e0 l&#8217;ext\u00e9rieur, 1 doigt \u00e0 l&#8217;int\u00e9rieur, encore un symbole franc ma\u00e7on.<br \/>\nMarc et Victor Schoelcher sont aujourd&#8217;hui au Panth\u00e9on, vous avez donc devant vous une tombe vide ce que l&#8217;on appelle : un c\u00e9notaphe.\n\t<em>Descendons l&#8217;av. St Morys pour d\u00e9couvrir l&#8217;emplacement de la demeure du p\u00e8re<\/em><br \/>\n<em>Fran\u00e7ois d&#8217;Aix de la Chaise ! Au bout de l&#8217;avenue il y a sur votre droite deux<\/em><br \/>\n<em>\u00e9normes chapelles que vous ne pouvez \u00e9videmment pas rater. Placez-vous en<\/em><br \/>\n<em>face de ces deux monuments.<\/em>\n\t\t\t<a href=\"https:\/\/visiteperelachaise.online\/?page_id=143\" target=\"_self\" rel=\"noopener\">\n\t\t\t\t\t\t\tLa demeure du P\u00e8re-Lachaise\n\t\t\t\t\t<\/a>\n\n","protected":false},"excerpt":{"rendered":"<p>Marc et Victor Schoelcher 1766-1832 \/ 1804-1893 Victor Schoelcher&#8230; Son nom est aujourd&#8217;hui un peu oubli\u00e9 mais cet homme est \u00e0 l&#8217;origine de l&#8217;abolition d\u00e9finitive de l&#8217;esclavage en France, le 27 avril 1848 exactement! C&#8217;est son p\u00e8re, Marc Schoelcher qui repose \u00e0 ses c\u00f4t\u00e9s. Ce fabricant parisien de porcelaine va sans le savoir pousser son [&hellip;]<\/p>\n","protected":false},"author":1,"featured_media":0,"parent":0,"menu_order":0,"comment_status":"closed","ping_status":"closed","template":"","meta":{"om_disable_all_campaigns":false,"footnotes":""},"aioseo_notices":[],"_links":{"self":[{"href":"https:\/\/visiteperelachaise.online\/index.php?rest_route=\/wp\/v2\/pages\/132"}],"collection":[{"href":"https:\/\/visiteperelachaise.online\/index.php?rest_route=\/wp\/v2\/pages"}],"about":[{"href":"https:\/\/visiteperelachaise.online\/index.php?rest_route=\/wp\/v2\/types\/page"}],"author":[{"embeddable":true,"href":"https:\/\/visiteperelachaise.online\/index.php?rest_route=\/wp\/v2\/users\/1"}],"replies":[{"embeddable":true,"href":"https:\/\/visiteperelachaise.online\/index.php?rest_route=%2Fwp%2Fv2%2Fcomments&post=132"}],"version-history":[{"count":9,"href":"https:\/\/visiteperelachaise.online\/index.php?rest_route=\/wp\/v2\/pages\/132\/revisions"}],"predecessor-version":[{"id":373,"href":"https:\/\/visiteperelachaise.online\/index.php?rest_route=\/wp\/v2\/pages\/132\/revisions\/373"}],"wp:attachment":[{"href":"https:\/\/visiteperelachaise.online\/index.php?rest_route=%2Fwp%2Fv2%2Fmedia&parent=132"}],"curies":[{"name":"wp","href":"https:\/\/api.w.org\/{rel}","templated":true}]}}