{"id":143,"date":"2023-11-02T17:25:28","date_gmt":"2023-11-02T16:25:28","guid":{"rendered":"https:\/\/visiteperelachaise.online\/?page_id=143"},"modified":"2024-03-25T18:10:50","modified_gmt":"2024-03-25T17:10:50","slug":"la-demeure-de-francois-daix-de-la-chaize","status":"publish","type":"page","link":"https:\/\/visiteperelachaise.online\/?page_id=143","title":{"rendered":"La demeure de Fran\u00e7ois d&#8217;Aix de La Chaize."},"content":{"rendered":"\n\n\t<h1>La demeure de Fran\u00e7ois d&#8217;Aix de La Chaize<\/h1>\n\t\t\t\t<img decoding=\"async\" src=\"http:\/\/visiteperelachaise.online\/wp-content\/uploads\/2023\/11\/20231022_142306-scaled.jpg\" alt=\"20231022_142306\" itemprop=\"image\" title=\"20231022_142306\" onerror=\"this.style.display='none'\"  \/>\n\t<p>Sur votre gauche voici la chapelle catholique du cimeti\u00e8re et sur votre droite l&#8217;\u00e9norme mausol\u00e9e d&#8217;Adolphe Thiers, c&#8217;est ici m\u00eame que se dressait \u00e0 l&#8217;\u00e9poque la demeure du p\u00e8re Fran\u00e7ois d&#8217;Aix de la Chaize.<\/p>\n<p>En 1675, le p\u00e8re Fran\u00e7ois d&#8217;Aix de La Chaize devient le confesseur de Louis XIV. Lieu de repos et de convalescence des J\u00e9suites, de vastes travaux sont alors entrepris pour accueillir plus dignement le directeur de conscience du Roi.<\/p>\nComme le monarque exige une habitation particuli\u00e8re pour son confesseur qu&#8217;il affectionne particuli\u00e8rement, un petit ch\u00e2teau est \u00e9rig\u00e9 ici et gr\u00e2ce aux largesses royales, le jardin est embelli et agrandi.<br \/>\nDe nombreux arbres sont plant\u00e9s, des sources d&#8217;eau am\u00e9nag\u00e9es, un verger, des bosquets, des vignes sont plant\u00e9es. Il faut s&#8217;imaginer la beaut\u00e9 du lieu, son calme, et toujours cette vue imprenable sur la capitale. Le p\u00e8re Fran\u00e7ois d&#8217;Aix de La Chaize a de l&#8217;influence sur le vieux monarque, beaucoup m\u00eame et rien ne lui r\u00e9siste ! Le mont Louis devient alors le centre du pouvoir j\u00e9suite en France, un lieu o\u00f9 se trament et se d\u00e9nouent les intrigues de la Cour. Toute la noblesse, le Tiers-\u00e9tat, le clerg\u00e9, les ambitieux et courtisans en tout genre se pressent ici m\u00eame pour demander audience au confesseur. Son fr\u00e8re, le comte de La Chaize y organise de grandes f\u00eates somptueuses.<br \/>\nLe lieu est connu de tous les Parisiens, tellement connu que lorsque bien plus tard quand le \u00abcimeti\u00e8re de l&#8217;est\u00bb sera inaugur\u00e9, la population le rebaptisera imm\u00e9diatement \u00able cimeti\u00e8re du P\u00e8re La Chaise\u00bb qui lui est enterr\u00e9 \u00e0 l&#8217;\u00e9glise Saint-Paul-Saint-Louis!\n<p>Continuons notre balade en allant sur la tombe de Chopin.<\/p>\n\t<p><em>Vous \u00eates en face des monuments, allez\u00a0 tout droit sur votre droite. Vous <\/em><em>pouvez voir au passage, au tout d\u00e9but de la descente sur votre droite, la <\/em><em>s\u00e9pulture du peintre G\u00e9ricault. Son gisant et le bas relief repr\u00e9sentant son <\/em><em>c\u00e9l\u00e8bre tableau le radeau de la m\u00e9duse est r\u00e9alis\u00e9 par Etex. Nous allons prendre <\/em><em>cette s\u00e9pulture comme point de rep\u00e8re. Avancez dans l&#8217;avenue, comptez une <\/em><em>dizaine de tombe et vous apercevrez sur votre droite un petit chemin avec \u00e0 sa <\/em><em>gauche la s\u00e9pulture de la famille Darty . Prenez ce chemin et tournez <\/em><em>imm\u00e9diatement sur votre droite dans le chemin Talma.<\/em><\/p>\n\t\t\t\t<img decoding=\"async\" src=\"http:\/\/visiteperelachaise.online\/wp-content\/uploads\/2023\/11\/20231022_142525-scaled.jpg\" alt=\"20231022_142525\" itemprop=\"image\" title=\"20231022_142525\" onerror=\"this.style.display='none'\"  \/>\n\tEn descendant un gisant nous saute tout de suite aux yeux : un homme allong\u00e9 tient dans ses mains un masque qui repr\u00e9sente le visage de sa compagne pouvant ainsi contempler pour l&#8217;\u00e9ternit\u00e9 sa bien aim\u00e9e. A ses pieds une \u00e9pitaphe \u00abIls furent \u00e9merveill\u00e9s du beau voyage qui les mena jusqu&#8217;\u00e0<br \/>\nl&#8217;\u00e9ternit\u00e9\u00bb.\nEn face, un banc. Vous le voyez ? Asseyez vous dessus&#8230; c&#8217;est bon, vous \u00eates confortablement install\u00e9? Il n&#8217;est certainement pas d&#8217;origine mais il para\u00eet que c&#8217;est ici que venait s&#8217;asseoir Guy de Maupassant pour distiller son absinthe.<br \/>\n\u00c9m\u00e9ch\u00e9, il interpellait les passants en leur montrant la tombe de Talma : \u00abC&#8217;est une honte !! Vous ne regardez m\u00eame pas la tombe de Talma! C&#8217;\u00e9tait l&#8217;acteur pr\u00e9f\u00e9r\u00e9 de Napol\u00e9on!\u00bb (Tombe qui est juste sur votre gauche).\nEn descendant le chemin Talma, vous avez peut \u00eatre remarqu\u00e9 un changement d&#8217;ambiance, un d\u00e9cor plus pittoresque. Nous sommes \u00e0 pr\u00e9sent dans la partie<br \/>\nla plus historique du cimeti\u00e8re. Alexandre Brongniart l&#8217;architecte du P\u00e8re-Lachaise, souhaitait r\u00e9aliser une n\u00e9cropole aux allures de jardin \u00e0 l&#8217;anglaise. Or ce terrain offre une singularit\u00e9 que n&#8217;ont pas les autres cimeti\u00e8res de Paris.<br \/>\nL&#8217;espace n&#8217;est ni plat, ni \u00e9troit et surtout cette colline aux pans accident\u00e9s conserve les bosquets, les all\u00e9es des jardins du r\u00e9v\u00e9rant Fran\u00e7ois d&#8217;Aix de la chaize. Alexandre Brongniart superposera donc ses plans au jardin d&#8217;origine r\u00e9alisant ainsi un v\u00e9ritable parc fun\u00e9raire. Vous l&#8217;aurez compris nous allons \u00e0 pr\u00e9sent arpenter des all\u00e9es, des chemins datant de la fin du XVIIeme si\u00e8cle en commen\u00e7ant par certainement le plus pris\u00e9 des visiteurs contemporains, le chemin Denon, car nous allons nous rendre sur la tombe de Chopin.\n\t<p><em>Continuez \u00e0 descendre le chemin Talma puis tournez sur votre gauche ; vous \u00eates dans le chemin Denon. Avant d&#8217;atteindre la tombe de Chopin, vous allez successivement croiser : d&#8217;abord sur votre droite, une pyramide surmont\u00e9e d&#8217;une boule blanche, c&#8217;est la tombe d&#8217;Edouard Branly, l&#8217;inventeur de la radioconduction puis, sur votre gauche, le peintre et sculpteur Arman. Le violon bris\u00e9 sur sa s\u00e9pulture repr\u00e9sente ses nombreuses col\u00e8res. Une plaque avec l&#8217;\u00e9pitaphe \u00ab Enfin <\/em><em>seul \u00bb a disparue. Puis, sur votre droite, le chanteur Mano <\/em><em>Solo, \u00e0 ses c\u00f4t\u00e9s une s\u00e9pulture semblable, celle du r\u00e9alisateur Claude Chabrol. Plus loin <\/em><em>toujours sur la droite la statue de Denon l&#8217;\u00e9gyptologue qui a particip\u00e9 \u00e0 la campagne d&#8217;\u00c9gypte avec Napol\u00e9on. Ce f\u00fbt aussi le premier conservateur du Louvre. A l&#8217;origine il portait dans ses mains un \u00e9critoire et un encrier, deux objets <\/em><em>encore disparus. Enfin sur votre gauche une petite muse en marbre blanc, tr\u00e8s certainement un petit attroupement que vous avez remarqu\u00e9 au loin&#8230; voici la s\u00e9pulture de Chopin.<\/em><\/p>\n\t\t\t<a href=\"https:\/\/visiteperelachaise.online\/?page_id=154\" target=\"_self\" rel=\"noopener\">\n\t\t\t\t\t\t\tFr\u00e9d\u00e9ric Chopin\n\t\t\t\t\t<\/a>\n\n","protected":false},"excerpt":{"rendered":"<p>La demeure de Fran\u00e7ois d&#8217;Aix de La Chaize Sur votre gauche voici la chapelle catholique du cimeti\u00e8re et sur votre droite l&#8217;\u00e9norme mausol\u00e9e d&#8217;Adolphe Thiers, c&#8217;est ici m\u00eame que se dressait \u00e0 l&#8217;\u00e9poque la demeure du p\u00e8re Fran\u00e7ois d&#8217;Aix de la Chaize. En 1675, le p\u00e8re Fran\u00e7ois d&#8217;Aix de La Chaize devient le confesseur de [&hellip;]<\/p>\n","protected":false},"author":1,"featured_media":0,"parent":0,"menu_order":0,"comment_status":"closed","ping_status":"closed","template":"","meta":{"om_disable_all_campaigns":false,"footnotes":""},"aioseo_notices":[],"_links":{"self":[{"href":"https:\/\/visiteperelachaise.online\/index.php?rest_route=\/wp\/v2\/pages\/143"}],"collection":[{"href":"https:\/\/visiteperelachaise.online\/index.php?rest_route=\/wp\/v2\/pages"}],"about":[{"href":"https:\/\/visiteperelachaise.online\/index.php?rest_route=\/wp\/v2\/types\/page"}],"author":[{"embeddable":true,"href":"https:\/\/visiteperelachaise.online\/index.php?rest_route=\/wp\/v2\/users\/1"}],"replies":[{"embeddable":true,"href":"https:\/\/visiteperelachaise.online\/index.php?rest_route=%2Fwp%2Fv2%2Fcomments&post=143"}],"version-history":[{"count":12,"href":"https:\/\/visiteperelachaise.online\/index.php?rest_route=\/wp\/v2\/pages\/143\/revisions"}],"predecessor-version":[{"id":380,"href":"https:\/\/visiteperelachaise.online\/index.php?rest_route=\/wp\/v2\/pages\/143\/revisions\/380"}],"wp:attachment":[{"href":"https:\/\/visiteperelachaise.online\/index.php?rest_route=%2Fwp%2Fv2%2Fmedia&parent=143"}],"curies":[{"name":"wp","href":"https:\/\/api.w.org\/{rel}","templated":true}]}}