{"id":154,"date":"2023-11-02T18:33:29","date_gmt":"2023-11-02T17:33:29","guid":{"rendered":"https:\/\/visiteperelachaise.online\/?page_id=154"},"modified":"2024-03-25T18:15:20","modified_gmt":"2024-03-25T17:15:20","slug":"frederic-chopin-1810-1849","status":"publish","type":"page","link":"https:\/\/visiteperelachaise.online\/?page_id=154","title":{"rendered":"Fr\u00e9d\u00e9ric Chopin 1810 \u2013 1849"},"content":{"rendered":"\n\n\t<h1>Fr\u00e9d\u00e9ric Chopin 1810-1849<\/h1>\n\t\t\t\t<img decoding=\"async\" src=\"http:\/\/visiteperelachaise.online\/wp-content\/uploads\/2023\/11\/20231022_142744-scaled.jpg\" alt=\"20231022_142744\" itemprop=\"image\" title=\"20231022_142744\" onerror=\"this.style.display='none'\"  \/>\n\t<p>Les admirateurs qui d\u00e9posent des fleurs connaissent certainement la pr\u00e9dilection de Fr\u00e9d\u00e9ric Chopin pour la botanique. Le rouge est en r\u00e9f\u00e9rence \u00e0 la couleur de son pays natal la Pologne. Sa tombe, avec celle de Kardec, est la plus fleurie du cimeti\u00e8re comme un clin d&#8217;\u0153il \u00e0 sa chambre mortuaire remplit de bouquets de fleurs du sol au plafond.<\/p>\nSi son corps est bien enterr\u00e9 ici m\u00eame, le c\u0153ur de Chopin demeure dans l&#8217;un des piliers de l&#8217;\u00e9glise Sainte Croix de Varsovie, en Pologne, son pays d&#8217;origine.<br \/>\nLa petite muse assise pench\u00e9e sur son luth bris\u00e9 est un petit joyau de m\u00e9lancolie. Cette Euterpe (muse de la po\u00e9sie lyrique et de la musique) en marbre blanc et le masque mortuaire du musicien en m\u00e9daillon sont d&#8217;Auguste Clesinger. Nous allons tout de suite retrouver dans notre balade.\n\t<em>Vous \u00eates en face de Chopin, retournez vous et d\u00e9portez un peu sur votre droite, vous pouvez voir la tombe de l&#8217;humoriste Desproges. En face de lui il y a Michel Petrucciani un autre grand pianiste. Retournez devant Desproges \u00e0 gauche de <\/em><em>cette tombe il y a deux ou trois s\u00e9pultures, un arbuste puis un escalier. Vous descendrez ces marches, mais nous sortons des sentiers battus, ne vous pr\u00e9cipitez pas et faites bien attention o\u00f9 vous mettez les pieds. Cet escalier <\/em><em>descendu, vous avez \u00e0 votre droite, la tombe de Pierre Gareau avec une statue de pleureuse. Vous y \u00eates? Bien, arr\u00eatons-nous quelques minutes. Vous avez devant vous la premi\u00e8re grande statue \u00e9rig\u00e9e dans le cimeti\u00e8re. C&#8217;est madame <\/em><em>Gareau en personne qui, son visage dans les mains, pleure son mari, sa position tombe mal puisque son nom de jeune fille est mademoiselle Boucheseiche!!<\/em><br \/>\n<em>Continuez en descendant \u00e0 nouveau les quelques nouvelles marches. La tombe qui nous int\u00e9resse, celle de Clesinger, se trouve \u00e0 droite aux pieds des marches.<\/em>\n\t\t\t<a href=\"https:\/\/visiteperelachaise.online\/?page_id=159\" target=\"_self\" rel=\"noopener\">\n\t\t\t\t\t\t\tAuguste Clesinger\n\t\t\t\t\t<\/a>\n\n","protected":false},"excerpt":{"rendered":"<p>Fr\u00e9d\u00e9ric Chopin 1810-1849 Les admirateurs qui d\u00e9posent des fleurs connaissent certainement la pr\u00e9dilection de Fr\u00e9d\u00e9ric Chopin pour la botanique. Le rouge est en r\u00e9f\u00e9rence \u00e0 la couleur de son pays natal la Pologne. Sa tombe, avec celle de Kardec, est la plus fleurie du cimeti\u00e8re comme un clin d&#8217;\u0153il \u00e0 sa chambre mortuaire remplit de [&hellip;]<\/p>\n","protected":false},"author":1,"featured_media":0,"parent":0,"menu_order":0,"comment_status":"closed","ping_status":"closed","template":"","meta":{"om_disable_all_campaigns":false,"footnotes":""},"aioseo_notices":[],"_links":{"self":[{"href":"https:\/\/visiteperelachaise.online\/index.php?rest_route=\/wp\/v2\/pages\/154"}],"collection":[{"href":"https:\/\/visiteperelachaise.online\/index.php?rest_route=\/wp\/v2\/pages"}],"about":[{"href":"https:\/\/visiteperelachaise.online\/index.php?rest_route=\/wp\/v2\/types\/page"}],"author":[{"embeddable":true,"href":"https:\/\/visiteperelachaise.online\/index.php?rest_route=\/wp\/v2\/users\/1"}],"replies":[{"embeddable":true,"href":"https:\/\/visiteperelachaise.online\/index.php?rest_route=%2Fwp%2Fv2%2Fcomments&post=154"}],"version-history":[{"count":9,"href":"https:\/\/visiteperelachaise.online\/index.php?rest_route=\/wp\/v2\/pages\/154\/revisions"}],"predecessor-version":[{"id":382,"href":"https:\/\/visiteperelachaise.online\/index.php?rest_route=\/wp\/v2\/pages\/154\/revisions\/382"}],"wp:attachment":[{"href":"https:\/\/visiteperelachaise.online\/index.php?rest_route=%2Fwp%2Fv2%2Fmedia&parent=154"}],"curies":[{"name":"wp","href":"https:\/\/api.w.org\/{rel}","templated":true}]}}