{"id":159,"date":"2023-11-02T18:47:03","date_gmt":"2023-11-02T17:47:03","guid":{"rendered":"https:\/\/visiteperelachaise.online\/?page_id=159"},"modified":"2024-03-25T18:17:11","modified_gmt":"2024-03-25T17:17:11","slug":"auguste-clesinger-1814-1883","status":"publish","type":"page","link":"https:\/\/visiteperelachaise.online\/?page_id=159","title":{"rendered":"Auguste Clesinger 1814 \u2013 1883"},"content":{"rendered":"\n\n\t<h1>Auguste Clesinger 1814-1883<\/h1>\n\t\t\t\t<img decoding=\"async\" src=\"http:\/\/visiteperelachaise.online\/wp-content\/uploads\/2023\/11\/20231022_142717-scaled.jpg\" alt=\"20231022_142717\" itemprop=\"image\" title=\"20231022_142717\" onerror=\"this.style.display='none'\"  \/>\n\t<p>Il fut mari\u00e9 cinq ans \u00e0 Solange Dudevant, la fille de George Sand. Son caract\u00e8re excessif fut certainement la source de bien des disputes entre lui et sa belle m\u00e8re qui l&#8217;appelait \u00able sculpteur enrag\u00e9\u00bb. Chopin, l&#8217;ancien compagnon de George Sand prit le parti de son ami Clesinger, ce qui mit fin d\u00e9finitivement \u00e0 la relation entre le musicien et l&#8217;auteure.<\/p>\nMais ce qui nous int\u00e9resse ici ne sont pas ces disputes familiales mais une histoire grivoise plus \u00e9tonnante&#8230;<br \/>\nQuelques ann\u00e9es apr\u00e8s son divorce avec Solange Dudevant, Clesinger rencontre Caroline Courri\u00e8re dite Berthe de Courri\u00e8re. C&#8217;est cette jeune fille aux formes tr\u00e8s opulentes qu&#8217;il prend comme mod\u00e8le pour le buste de Marianne au S\u00e9nat. Un mod\u00e8le qui va vite devenir sa ma\u00eetresse malgr\u00e9 les trente-huit ans d&#8217;\u00e9cart. Mais Berthe, excentrique, adepte de messe noire et de satanisme \u00e9tait aussi tr\u00e8s volage. Elle inspira de nombreux artistes et partagea bien souvent leur lit aux d\u00e9pens de Clesinger. Ses amants sont nombreux : Villiers de l&#8217;Isle-Adam, Alfred Jarry, L\u00e9o Larguier, le g\u00e9n\u00e9ral Boulanger, certains ministres de l&#8217;\u00e9poque et d&#8217;autres mais surtout Remy de Gourmont, son amant pr\u00e9f\u00e9r\u00e9 qu&#8217;elle fit enterrer en 1915 dans le m\u00eame caveau que&#8230; Clesinger!! Elle meurt un an plus tard et rejoint pour l&#8217;\u00e9ternit\u00e9 ses deux amants favoris dans le cimeti\u00e8re romantique du P\u00e8re-Lachaise. Ne cherchez pas l&#8217;inscription \u00ab Berthe de Courri\u00e8re 1852-1916\u00bb il n&#8217;y en a pas car les derni\u00e8res volont\u00e9s de la fameuse Berthe aux m\u0153urs l\u00e9g\u00e8res ont tr\u00e8s certainement d\u00fb choquer plus d&#8217;un Parisien \u00e0 l&#8217;\u00e9poque. On aurait aper\u00e7u de nuit, pendant plusieurs ann\u00e9es des rites sataniques autour de sa tombe.\n\t<p>Nous arrivons au terme de cette balade. Vous pouvez encha\u00eener avec la seconde balade et vous\u00a0 diriger vers la premi\u00e8re op\u00e9ration publicitaire du cimeti\u00e8re, la chapelle d&#8217;H\u00e9lo\u00efse et Ab\u00e9lard ou vous diriger vers la sortie. Dans les deux cas,vous allez suivre les instructions qui suivent.<\/p>\n\t<p><em>En face de la tombe de Clesinger, vous voyez l&#8217;arri\u00e8re d&#8217;une s\u00e9pulture qui porte le num\u00e9ro 345039, \u00e0 gauche un arbuste , vous allez passer tout droit \u00e0 gauche de cet arbuste. <\/em><em>Allez y, n&#8217;h\u00e9sitez pas et poussez un peu les branches. Ensuite vous prendrez tout de suite sur votre droite, avancez, en face de vous : une rambarde, d\u00e9passez-la sur la droite. Vous \u00eates maintenant sur une petite piste avec une rambarde \u00e0 gauche qui descend. Au bout de cette rambarde, tournez tout de suite \u00e0 gauche, avanc\u00e9 et vous allez tomber sur un chemin pav\u00e9 : le chemin du coq. Empruntez le en descendant sur votre droite puis tournez \u00e0 gauche \u00e0 la premi\u00e8re intersection dans le chemin de l&#8217;ancienne porte. Au bout du chemin, descendez les marches. Soit vous tournez \u00e0 droite pour sortir du cimeti\u00e8re soit vous tournez \u00e0 gauche dans l&#8217;av. Casimir Perier. Nous allons la remonter en d\u00e9passant sur la gauche les chemins Bichat puis Chenier. A partir d&#8217;ici, faites quelques pas et tout de suite sur votre droite vous la voyez en arri\u00e8re plan : la chapelle d&#8217;H\u00e9lo\u00efse et Abelard.<\/em><\/p>\n\t\t\t<a href=\"https:\/\/visiteperelachaise.online\/?page_id=167\" target=\"_self\" rel=\"noopener\">\n\t\t\t\t\t\t\tH\u00e9lo\u00efse et Ab\u00e9lard\n\t\t\t\t\t<\/a>\n\n","protected":false},"excerpt":{"rendered":"<p>Auguste Clesinger 1814-1883 Il fut mari\u00e9 cinq ans \u00e0 Solange Dudevant, la fille de George Sand. Son caract\u00e8re excessif fut certainement la source de bien des disputes entre lui et sa belle m\u00e8re qui l&#8217;appelait \u00able sculpteur enrag\u00e9\u00bb. Chopin, l&#8217;ancien compagnon de George Sand prit le parti de son ami Clesinger, ce qui mit fin [&hellip;]<\/p>\n","protected":false},"author":1,"featured_media":0,"parent":0,"menu_order":0,"comment_status":"closed","ping_status":"closed","template":"","meta":{"om_disable_all_campaigns":false,"footnotes":""},"aioseo_notices":[],"_links":{"self":[{"href":"https:\/\/visiteperelachaise.online\/index.php?rest_route=\/wp\/v2\/pages\/159"}],"collection":[{"href":"https:\/\/visiteperelachaise.online\/index.php?rest_route=\/wp\/v2\/pages"}],"about":[{"href":"https:\/\/visiteperelachaise.online\/index.php?rest_route=\/wp\/v2\/types\/page"}],"author":[{"embeddable":true,"href":"https:\/\/visiteperelachaise.online\/index.php?rest_route=\/wp\/v2\/users\/1"}],"replies":[{"embeddable":true,"href":"https:\/\/visiteperelachaise.online\/index.php?rest_route=%2Fwp%2Fv2%2Fcomments&post=159"}],"version-history":[{"count":11,"href":"https:\/\/visiteperelachaise.online\/index.php?rest_route=\/wp\/v2\/pages\/159\/revisions"}],"predecessor-version":[{"id":383,"href":"https:\/\/visiteperelachaise.online\/index.php?rest_route=\/wp\/v2\/pages\/159\/revisions\/383"}],"wp:attachment":[{"href":"https:\/\/visiteperelachaise.online\/index.php?rest_route=%2Fwp%2Fv2%2Fmedia&parent=159"}],"curies":[{"name":"wp","href":"https:\/\/api.w.org\/{rel}","templated":true}]}}