{"id":167,"date":"2023-11-07T09:25:39","date_gmt":"2023-11-07T08:25:39","guid":{"rendered":"https:\/\/visiteperelachaise.online\/?page_id=167"},"modified":"2023-12-07T14:44:20","modified_gmt":"2023-12-07T13:44:20","slug":"167-2","status":"publish","type":"page","link":"https:\/\/visiteperelachaise.online\/?page_id=167","title":{"rendered":"H\u00e9lo\u00efse et Ab\u00e9lard (1101-1164 \/1079-1142)"},"content":{"rendered":"\n\n\t<h1>H\u00e9lo\u00efse et Ab\u00e9lard (1101-1164\/1079-1142)<\/h1>\n\t\t\t\t<img decoding=\"async\" src=\"http:\/\/visiteperelachaise.online\/wp-content\/uploads\/2023\/11\/20231022_143141.png\" alt=\"20231022_143141\" itemprop=\"image\" title=\"20231022_143141\" onerror=\"this.style.display='none'\"  \/>\n\t<p>Nous d\u00e9butons cette Balade par la tombe d&#8217;H\u00e9lo\u00efse et Ab\u00e9lard une s\u00e9pulture incontournable au P\u00e8re-Lachaise<\/p>\n<p>Ab\u00e9lard, professeur et intellectuel du d\u00e9but du XII\u00e8me si\u00e8cle, c&#8217;est aussi le pr\u00e9cepteur d&#8217;H\u00e9lo\u00efse, la ni\u00e8ce du chanoine Fulbert. Tr\u00e8s vite une passion d\u00e9marre entre le professeur et son \u00e9l\u00e8ve et la violence du chanoine est sans limite lorsqu&#8217;il d\u00e9couvre l&#8217;histoire d&#8217;amour.<\/p>\n<p>Le couple fuit Paris pour se r\u00e9fugier en Bretagne, ils s&#8217;y marient et ont tr\u00e8s vite un enfant \u00abAstrolabe\u00bb. Mais l&#8217;\u00e9loignement ne calme pas Fulbert, il fera \u00e9masculer Ab\u00e9lard et enverra H\u00e9lo\u00efse dans un couvent en Champagne. Ab\u00e9lard lui ira de monast\u00e8re en monast\u00e8re fuyant les pers\u00e9cutions du monde chr\u00e9tien. Il meurt en 1142. Il est enseveli au monast\u00e8re de Saint-Marcel. H\u00e9lo\u00efse r\u00e9ussit \u00e0 transf\u00e9rer sa d\u00e9pouille \u00e0 l&#8217;abbaye de Paraclet. Elle y fait construire un tombeau o\u00f9 ils seront r\u00e9unis \u00e0 sa mort en 1164.<\/p>\n<p>L&#8217;histoire d&#8217;amour d&#8217;H\u00e9lo\u00efse et Ab\u00e9lard a travers\u00e9 les si\u00e8cles gr\u00e2ce \u00e0 la magnifique correspondance qu&#8217;ils \u00e9chang\u00e8rent et la l\u00e9gende reste tr\u00e8s populaire au d\u00e9but du XIX\u00e8me si\u00e8cle.<\/p>\n<p>Il existait d&#8217;ailleurs jusque dans les ann\u00e9es 1950 devant cette s\u00e9pulture, une coutume pour que l&#8217;\u00e9ternit\u00e9 rassemble les couples d&#8217; amoureux. Ils devaient se donner la main, faire six fois le tour de la chapelle dans le sens des aiguilles d&#8217;une montre en lan\u00e7ant des p\u00e9tales de fleurs rouges sur les gisants, puis s&#8217;embrasser&#8230; Si derri\u00e8re l&#8217;\u00e9cran se trouve un couple d&#8217;amoureux, libre \u00e0 vous de courir acheter des fleurs rouges et d&#8217;ex\u00e9cuter ce petit rituel mais attention il para\u00eet que vous resterez ensemble votre vie enti\u00e8re!!!<\/p>\n<p>Alors que font nos deux amants du Moyen-Age au P\u00e8re Lachaise ?<\/p>\n<p>Nous sommes en 1817, le cimeti\u00e8re ouvert depuis 13 ans ne rencontre pas le succ\u00e8s attendu, on peut y d\u00e9nombrer moins de 2000 tombes fin 1815. Il est donc d\u00e9cid\u00e9 d&#8217;organiser une op\u00e9ration publicitaire d&#8217;envergure : faire venir dans la n\u00e9cropole d&#8217;illustres c\u00e9l\u00e9brit\u00e9s. En 1800 \u00e0 Paris, Alexandre Lenoir le conservateur du mus\u00e9e des monuments fran\u00e7ais avait rapatri\u00e9 les deux amants et r\u00e9ussit \u00e0 r\u00e9unir des fragments de la premi\u00e8re tombe \u00e0 Saint-Marcel d&#8217;Ab\u00e9lard et du tombeau \u00e0 Paraclet pour construire cette chapelle.<\/p>\n<p>La chapelle fut d\u00e9mont\u00e9e puis remont\u00e9e ici m\u00eame \u00e0 l&#8217;identique et inaugur\u00e9e le 16 juin 1817.<\/p>\n<p>Le succ\u00e8s est au rendez-vous car on d\u00e9nombre d\u00e8s 1830, 33000 tombes. Parmi l&#8217;une d&#8217;entre elle, en voici une autre tr\u00e8s connue, celle de Jim Morrison allons la voir!<\/p>\n\t<p><em>Continuons en retournant et en remontant l&#8217;av. Casimir Perier, vous allez tourner sur votre droite \u00e0 la premi\u00e8re intersection dans le chemin Serr\u00e9 puis vous tournerez tr\u00e8s vite sur votre gauche en remontant le chemin Maison. En haut du chemin vous tomberez face \u00e0 deux s\u00e9pultures : la famille Manceaux et la famille Camard\/Julien, passez entre ces deux s\u00e9pultures, d\u00e9passez-les et tr\u00e8s vite sur la gauche vous allez apercevoir la tombe de Jim Morrison.\u00a0<\/em><\/p>\n\t\t\t<a href=\"https:\/\/visiteperelachaise.online\/?page_id=178\" target=\"_self\" rel=\"noopener\">\n\t\t\t\t\t\t\tJim Morrison\n\t\t\t\t\t<\/a>\n\n","protected":false},"excerpt":{"rendered":"<p>H\u00e9lo\u00efse et Ab\u00e9lard (1101-1164\/1079-1142) Nous d\u00e9butons cette Balade par la tombe d&#8217;H\u00e9lo\u00efse et Ab\u00e9lard une s\u00e9pulture incontournable au P\u00e8re-Lachaise Ab\u00e9lard, professeur et intellectuel du d\u00e9but du XII\u00e8me si\u00e8cle, c&#8217;est aussi le pr\u00e9cepteur d&#8217;H\u00e9lo\u00efse, la ni\u00e8ce du chanoine Fulbert. Tr\u00e8s vite une passion d\u00e9marre entre le professeur et son \u00e9l\u00e8ve et la violence du chanoine est [&hellip;]<\/p>\n","protected":false},"author":1,"featured_media":0,"parent":0,"menu_order":0,"comment_status":"closed","ping_status":"closed","template":"","meta":{"om_disable_all_campaigns":false,"footnotes":""},"aioseo_notices":[],"_links":{"self":[{"href":"https:\/\/visiteperelachaise.online\/index.php?rest_route=\/wp\/v2\/pages\/167"}],"collection":[{"href":"https:\/\/visiteperelachaise.online\/index.php?rest_route=\/wp\/v2\/pages"}],"about":[{"href":"https:\/\/visiteperelachaise.online\/index.php?rest_route=\/wp\/v2\/types\/page"}],"author":[{"embeddable":true,"href":"https:\/\/visiteperelachaise.online\/index.php?rest_route=\/wp\/v2\/users\/1"}],"replies":[{"embeddable":true,"href":"https:\/\/visiteperelachaise.online\/index.php?rest_route=%2Fwp%2Fv2%2Fcomments&post=167"}],"version-history":[{"count":12,"href":"https:\/\/visiteperelachaise.online\/index.php?rest_route=\/wp\/v2\/pages\/167\/revisions"}],"predecessor-version":[{"id":329,"href":"https:\/\/visiteperelachaise.online\/index.php?rest_route=\/wp\/v2\/pages\/167\/revisions\/329"}],"wp:attachment":[{"href":"https:\/\/visiteperelachaise.online\/index.php?rest_route=%2Fwp%2Fv2%2Fmedia&parent=167"}],"curies":[{"name":"wp","href":"https:\/\/api.w.org\/{rel}","templated":true}]}}