{"id":178,"date":"2023-11-09T16:20:54","date_gmt":"2023-11-09T15:20:54","guid":{"rendered":"https:\/\/visiteperelachaise.online\/?page_id=178"},"modified":"2023-12-07T16:03:02","modified_gmt":"2023-12-07T15:03:02","slug":"jim-morrison-1943-1971","status":"publish","type":"page","link":"https:\/\/visiteperelachaise.online\/?page_id=178","title":{"rendered":"Jim Morrison 1943-1971"},"content":{"rendered":"\n\n\t<h1>Jim Morrison 1943-1971<\/h1>\n\t\t\t\t<img decoding=\"async\" src=\"http:\/\/visiteperelachaise.online\/wp-content\/uploads\/2023\/11\/20231103_092343-scaled.jpg\" alt=\"20231103_092343\" itemprop=\"image\" title=\"20231103_092343\" onerror=\"this.style.display='none'\"  \/>\n\t<p>Voici la tombe de la rock star du cimeti\u00e8re, le leader embl\u00e9matique des Doors.<\/p>\n<p>Est-il mort d&#8217;une crise cardiaque dans la baignoire de son domicile parisien ?<\/p>\n<p>D&#8217;une overdose dans le club parisien \u00ab le rock&#8217;n&#8217;roll circus \u00bb ?<\/p>\n<p>\u00c9limin\u00e9 par la CIA?<\/p>\n<p>Aurait-il orchestr\u00e9 son propre d\u00e9part nous laissant un caveau vide ?\u00a0<\/p>\n<p>Jim Morrison meurt officiellement le 3 juillet 1971 \u00e0 6h du matin, sa compagne de l&#8217;\u00e9poque Pamela Courson le d\u00e9couvre mort dans la baignoire de son domicile parisien. Il a, selon les constatations de la police, succomb\u00e9 \u00e0 une crise cardiaque mais les zones d&#8217;ombres sur le v\u00e9ritable emploi du temps du chanteur lors de sa derni\u00e8re soir\u00e9e n&#8217;auront cess\u00e9 d&#8217;alimenter les fantasmes. A 27 ans il rejoint le &#8220;club des 27&#8221;.<\/p>\n<p>\u00a0Jusqu&#8217; \u00e0 la fin des ann\u00e9es 90, vous n&#8217;auriez pas eu besoin de guide ou de plan car toutes sortes de graffitis signalaient la direction de sa tombe. Autour de la s\u00e9pulture certains jeunes admirateurs du chanteur rendaient le lieu presque infr\u00e9quentable : bi\u00e8res, herbe, musique. Une situation d\u00e9licate pour un cimeti\u00e8re, mais c&#8217;est surtout la date du 3 juillet 1991, les vingt ans de la mort de Jim Morrison, qui restera le point d&#8217;orgue de tous ces exc\u00e8s. L&#8217;affluence et les d\u00e9bordements sont tels que le cimeti\u00e8re doit \u00eatre ferm\u00e9 apr\u00e8s l&#8217;intervention de la police.<\/p>\n<p>Aujourd&#8217;hui, le d\u00e9cor a quelque peu chang\u00e9. Fini les cannettes de bi\u00e8re, les m\u00e9gots de joint, les graffitis, des mesures ont \u00e9t\u00e9 prises pour enrayer les d\u00e9gradations. La tombe est entour\u00e9e de barri\u00e8res, r\u00e9guli\u00e8rement surveill\u00e9e par les gardiens et film\u00e9e 24h\/24 par une cam\u00e9ra dissimul\u00e9e dans le seul lampadaire du cimeti\u00e8re.<\/p>\n<p>Bien s\u00fbr sa tombe est une halte incontestable, une des plus visit\u00e9es mais l&#8217;hyst\u00e9rie autour du mythe Jim Morrison appartient d\u00e9sormais au pass\u00e9, on assiste l\u00e0 surtout \u00e0 la fin d&#8217;un cycle, d&#8217;une mode comme il y en a tant eu dans d&#8217;autres \u00e9poques, devant d&#8217;autres tombes comme la prochaine s\u00e9pulture celle d&#8217;Elisabeth D\u00e9minoff&#8230;<\/p>\n\t<p><em>Vous \u00eates tr\u00e8s certainement en face de la tombe, \u00e0 votre droite il y a le lampadaire, la suite du parcours se trouve juste derri\u00e8re vous. D\u00e9passez les quelques tombes et tournez \u00e0 gauche dans l&#8217;all\u00e9e, au bout de cette all\u00e9e vous tomberez sur le rond point Casimir Perier.\u00a0<\/em><\/p>\n<p><em>Vous pouvez profiter des bancs, faire une petite pause et lire l&#8217;<a href=\"https:\/\/visiteperelachaise.online\/?page_id=54\">histoire du P\u00e8re-Lachaise<\/a> ou continuer directement dans l&#8217;avenue des acacias, c&#8217;est la premi\u00e8re \u00e0 droite dans le rond-point. Au d\u00e9but de cette avenue il y a sur la gauche un escalier vous le voyez ? Et sur sa droite apr\u00e8s deux s\u00e9pultures il y en a un deuxi\u00e8me plus \u00e9troit avec une rampe c&#8217;est celui-ci que vous allez emprunter. Ne faites pas attention aux diff\u00e9rents paliers et montez jusqu&#8217;\u00e0 la derni\u00e8re marche. Arriv\u00e9s en haut, tournez sur votre droite dans le chemin qui descend l\u00e9g\u00e8rement et progressez dans cette all\u00e9e suspendue<\/em><\/p>\n\t<p>Alexandre Brongniart, l&#8217;architecte du P\u00e8re Lachaise, souhaitait r\u00e9aliser une n\u00e9cropole aux allures de jardin \u00e0 l&#8217;anglaise. Or ce terrain offre une singularit\u00e9 que n&#8217;ont pas les autres cimeti\u00e8res de Paris. L&#8217;espace n&#8217;est ni plat, ni \u00e9troit et surtout cette colline aux pans accident\u00e9s conserve les bosquets, les all\u00e9es des jardins du r\u00e9v\u00e9rend Fran\u00e7ois d&#8217;Aix de la chaise. Alexandre Brongniart superposera donc ses plans au jardin d&#8217;origine, r\u00e9alisant ainsi un v\u00e9ritable parc fun\u00e9raire. Nous arpentons des chemins datant de la fin du XVIIeme si\u00e8cle.<\/p>\n\t<p><em>Vous allez tr\u00e8s vite voir devant vous un peu en hauteur l&#8217;immense mausol\u00e9e d&#8217;Elisabeth D\u00e9minoff, n\u00e9e Baronne de Stroganoff. Voici une s\u00e9pulture qui inspira bien des l\u00e9gendes. Marcher jusqu&#8217;au bout de l&#8217;all\u00e9e et arr\u00eatez-vous juste avant de descendre les escaliers, vous ne les descendrez que lorsque que je vous l&#8217;indiquerai.<\/em><\/p>\n\t\t\t<a href=\"https:\/\/visiteperelachaise.online\/?page_id=185\" target=\"_self\" rel=\"noopener\">\n\t\t\t\t\t\t\t\u00c9lisabeth Deminoff, n\u00e9e Baronne de Stroganoff\n\t\t\t\t\t<\/a>\n\n","protected":false},"excerpt":{"rendered":"<p>Jim Morrison 1943-1971 Voici la tombe de la rock star du cimeti\u00e8re, le leader embl\u00e9matique des Doors. Est-il mort d&#8217;une crise cardiaque dans la baignoire de son domicile parisien ? D&#8217;une overdose dans le club parisien \u00ab le rock&#8217;n&#8217;roll circus \u00bb ? \u00c9limin\u00e9 par la CIA? Aurait-il orchestr\u00e9 son propre d\u00e9part nous laissant un caveau [&hellip;]<\/p>\n","protected":false},"author":1,"featured_media":0,"parent":0,"menu_order":0,"comment_status":"closed","ping_status":"closed","template":"","meta":{"om_disable_all_campaigns":false,"footnotes":""},"aioseo_notices":[],"_links":{"self":[{"href":"https:\/\/visiteperelachaise.online\/index.php?rest_route=\/wp\/v2\/pages\/178"}],"collection":[{"href":"https:\/\/visiteperelachaise.online\/index.php?rest_route=\/wp\/v2\/pages"}],"about":[{"href":"https:\/\/visiteperelachaise.online\/index.php?rest_route=\/wp\/v2\/types\/page"}],"author":[{"embeddable":true,"href":"https:\/\/visiteperelachaise.online\/index.php?rest_route=\/wp\/v2\/users\/1"}],"replies":[{"embeddable":true,"href":"https:\/\/visiteperelachaise.online\/index.php?rest_route=%2Fwp%2Fv2%2Fcomments&post=178"}],"version-history":[{"count":9,"href":"https:\/\/visiteperelachaise.online\/index.php?rest_route=\/wp\/v2\/pages\/178\/revisions"}],"predecessor-version":[{"id":348,"href":"https:\/\/visiteperelachaise.online\/index.php?rest_route=\/wp\/v2\/pages\/178\/revisions\/348"}],"wp:attachment":[{"href":"https:\/\/visiteperelachaise.online\/index.php?rest_route=%2Fwp%2Fv2%2Fmedia&parent=178"}],"curies":[{"name":"wp","href":"https:\/\/api.w.org\/{rel}","templated":true}]}}