{"id":185,"date":"2023-11-09T16:50:14","date_gmt":"2023-11-09T15:50:14","guid":{"rendered":"https:\/\/visiteperelachaise.online\/?page_id=185"},"modified":"2024-03-25T18:24:27","modified_gmt":"2024-03-25T17:24:27","slug":"elisabeth-deminoff-nee-baronne-de-stroganoff-1779-1818","status":"publish","type":"page","link":"https:\/\/visiteperelachaise.online\/?page_id=185","title":{"rendered":"\u00c9lisabeth Deminoff, n\u00e9e Baronne de Stroganoff 1779-1818"},"content":{"rendered":"\n\n\t<h1>\u00c9lisabeth Deminoff, n\u00e9e Baronne de Stroganoff 1779-1818<\/h1>\n\t\t\t\t<img decoding=\"async\" src=\"http:\/\/visiteperelachaise.online\/wp-content\/uploads\/2023\/11\/20231022_143630-scaled.jpg\" alt=\"20231022_143630\" itemprop=\"image\" title=\"20231022_143630\" onerror=\"this.style.display='none'\"  \/>\n\t<p>Ce monument est souvent repr\u00e9sent\u00e9 dans les premi\u00e8res gravures du P\u00e8re Lachaise, surplombant la n\u00e9cropole de l&#8217;\u00e9poque encore vide de s\u00e9pulture. Si c&#8217;est l&#8217;un des plus anciens et plus impressionnant mausol\u00e9e du cimeti\u00e8re, c&#8217;est surtout les l\u00e9gendes qui l&#8217;entourent qui ont fait sa renomm\u00e9.<\/p>\n<p>\u00c9lisabeth Deminoff est l&#8217;h\u00e9riti\u00e8re d&#8217;une famille Russe qui poss\u00e9dait des mines d&#8217;or, d&#8217;argent et de cuivre dans l&#8217;Alta\u00ef en Asie centrale. Regardez en face de vous les repr\u00e9sentations d&#8217;hermines (ou loutres) et de maillets, ce sont les symboles de la famille et de leurs exploitations d&#8217;or. Cette fortune est \u00e0 l&#8217;origine d&#8217;un mythe et d&#8217;un v\u00e9ritable folklore au P\u00e8re Lachaise. Parlons au conditionnel, para\u00eetrait-il que la baronne aurait ajout\u00e9e une clause bien particuli\u00e8re sur son testament : Elle aurait l\u00e9gu\u00e9 la totalit\u00e9 de sa fortune \u00e0 la personne qui consentirait \u00e0 veiller son corps dans la solitude de son caveau pendant une ann\u00e9e enti\u00e8re. Quelques personnes auraient essay\u00e9 mais seraient devenu folles au bout d&#8217;une nuit. Imaginons que ce soit vrai, que certains parisiens s&#8217;y soient enferm\u00e9s, leur r\u00e9action pourrait peut-\u00eatre co\u00efncider avec la seconde l\u00e9gende : Cette tombe serait la demeure d&#8217;un vampire&#8230; Une histoire qui s&#8217;explique mieux en observant les gravures sur le monument. <strong>Descendez<\/strong> les escaliers et vous verrez qu&#8217;elles entourent tout le mausol\u00e9e. Placez vous en bas, sur votre gauche il y a les escaliers que vous venez d&#8217;emprunter, derri\u00e8re d&#8217;autres escaliers et devant vous la s\u00e9pulture. Reprenons ces symboles d&#8217;un point de vue plus \u00e9sot\u00e9rique : D&#8217;abord il y a deux indices qui nous font voir ce monument comme une sorte de temple d\u00e9di\u00e9 aux forces souterraines : les hermines, des animaux nocturnes ou vivant sous la terre et les maillets ou marteaux de forge, embl\u00e8mes du monde souterrain. Ensuite les t\u00eates de loups, symbole du ma\u00eetre vampirisme et enfin les \u00e9normes n\u0153uds rappelant les n\u0153uds d&#8217;immortalit\u00e9 : dans la Gr\u00e8ce antique le n\u0153ud d&#8217;H\u00e9racl\u00e8s reliait la vie \u00e0 la mort. <strong>Vous allez maintenant monter<\/strong> l&#8217;escalier \u00e0 droite du monument et vous placer tout en haut. Vous verrez un dernier d\u00e9tail indiquant l&#8217;adresse du vampire. Regardez la date de la mort de la baronne, le 8 avril 1818. Les trois 8, pour certains c&#8217;est un rythme de travail fatiguant pour d&#8217;autre et c&#8217;est ce qui nous int\u00e9resse ici, c&#8217;est le symbole des vampires !<\/p>\n\t<p><em>Vous \u00eates en face du mausol\u00e9e d&#8217; \u00c9lisabeth Deminoff, dans le chemin du dragon, la balade continue sur votre droite. Soyez attentifs, vous allez marcher jusqu&#8217;\u00e0 la prochaine intersection qui se situe au niveau de la tombe d&#8217; Hahnemenn, l&#8217;inventeur de l&#8217;hom\u00e9opathie. Faites bien attention parce que ce croisement est assez sp\u00e9cial : vous prendrez \u00e0 droite mais vous aurez presque l&#8217;impression de faire demi-tour. Une fois tourn\u00e9, prenez imm\u00e9diatement \u00e0 gauche (en face du panneau indicateur \u00ab chemin Monvoisin\u00bb) vous voyez le chemin avec au bout l&#8217;escalier ? Dirigez vous dans ce sens mais avant de monter regardez \u00e0 droite de l&#8217;escalier, il y a l&#8217;arbre, cinq s\u00e9pultures et l&#8217;\u00e9norme chapelle de la famille Constant Say.<\/em><\/p>\n\t\t\t<a href=\"https:\/\/visiteperelachaise.online\/?page_id=190\" target=\"_self\" rel=\"noopener\">\n\t\t\t\t\t\t\tChapelle Constant Say\n\t\t\t\t\t<\/a>\n\n","protected":false},"excerpt":{"rendered":"<p>\u00c9lisabeth Deminoff, n\u00e9e Baronne de Stroganoff 1779-1818 Ce monument est souvent repr\u00e9sent\u00e9 dans les premi\u00e8res gravures du P\u00e8re Lachaise, surplombant la n\u00e9cropole de l&#8217;\u00e9poque encore vide de s\u00e9pulture. Si c&#8217;est l&#8217;un des plus anciens et plus impressionnant mausol\u00e9e du cimeti\u00e8re, c&#8217;est surtout les l\u00e9gendes qui l&#8217;entourent qui ont fait sa renomm\u00e9. \u00c9lisabeth Deminoff est l&#8217;h\u00e9riti\u00e8re [&hellip;]<\/p>\n","protected":false},"author":1,"featured_media":0,"parent":0,"menu_order":0,"comment_status":"closed","ping_status":"closed","template":"","meta":{"om_disable_all_campaigns":false,"footnotes":""},"aioseo_notices":[],"_links":{"self":[{"href":"https:\/\/visiteperelachaise.online\/index.php?rest_route=\/wp\/v2\/pages\/185"}],"collection":[{"href":"https:\/\/visiteperelachaise.online\/index.php?rest_route=\/wp\/v2\/pages"}],"about":[{"href":"https:\/\/visiteperelachaise.online\/index.php?rest_route=\/wp\/v2\/types\/page"}],"author":[{"embeddable":true,"href":"https:\/\/visiteperelachaise.online\/index.php?rest_route=\/wp\/v2\/users\/1"}],"replies":[{"embeddable":true,"href":"https:\/\/visiteperelachaise.online\/index.php?rest_route=%2Fwp%2Fv2%2Fcomments&post=185"}],"version-history":[{"count":7,"href":"https:\/\/visiteperelachaise.online\/index.php?rest_route=\/wp\/v2\/pages\/185\/revisions"}],"predecessor-version":[{"id":385,"href":"https:\/\/visiteperelachaise.online\/index.php?rest_route=\/wp\/v2\/pages\/185\/revisions\/385"}],"wp:attachment":[{"href":"https:\/\/visiteperelachaise.online\/index.php?rest_route=%2Fwp%2Fv2%2Fmedia&parent=185"}],"curies":[{"name":"wp","href":"https:\/\/api.w.org\/{rel}","templated":true}]}}