{"id":190,"date":"2023-11-09T17:18:39","date_gmt":"2023-11-09T16:18:39","guid":{"rendered":"https:\/\/visiteperelachaise.online\/?page_id=190"},"modified":"2023-12-07T14:52:38","modified_gmt":"2023-12-07T13:52:38","slug":"chapelle-constant-say","status":"publish","type":"page","link":"https:\/\/visiteperelachaise.online\/?page_id=190","title":{"rendered":"Chapelle Constant Say"},"content":{"rendered":"\n\n\t<h1>Chapelle Constant Say<\/h1>\n\t\t\t\t<img decoding=\"async\" src=\"http:\/\/visiteperelachaise.online\/wp-content\/uploads\/2023\/11\/20231022_143848-scaled.jpg\" alt=\"20231022_143848\" itemprop=\"image\" title=\"20231022_143848\" onerror=\"this.style.display='none'\"  \/>\n\t<p>Apr\u00e8s le mausol\u00e9e d&#8217;\u00c9lisabeth Strogonoff, voici un autre exemple d&#8217;\u00e9sot\u00e9risme au P\u00e8re Lachaise. Cette chapelle a fait parler d&#8217;elle \u00e0 la fin des ann\u00e9es 70. Un reportage dans l&#8217;\u00e9mission \u00abmi figue, mi raisin\u00bb\u00a0 y avait r\u00e9v\u00e9l\u00e9 quelques pratiques douteuses . Il y a plusieurs dizaines ann\u00e9es maintenant, se d\u00e9roulait dans la crypte de cette chapelle des exp\u00e9riences tout \u00e0 fait inhabituelles. Plusieurs personnes s&#8217;y r\u00e9unissaient r\u00e9guli\u00e8rement pour y pratiquer des messes noires.<\/p>\n<p>Mais pourquoi cette chapelle particuli\u00e8rement ? Regardez les gargouilles, il n&#8217;y a plus aucune t\u00eate&#8230; Ce qui veut dire que telle une porte ouverte, tous les mauvais esprits peuvent p\u00e9n\u00e9trer \u00e0 l&#8217;int\u00e9rieur du monument! <\/p>\n<p> Il serait impossible aujourd&#8217;hui de venir la nuit masqu\u00e9, pour \u00e9gorger un poulet et y r\u00e9pandre son sang sur le corps nu d&#8217;une jeune vierge en invoquant Satan car on ne peut plus p\u00e9n\u00e9trer de nuit dans l&#8217;enceinte du cimeti\u00e8re. En plus une porte scell\u00e9e emp\u00eache tout acc\u00e8s \u00e0 cette chapelle, mais vous pouvez toujours jeter un coup d&#8217;\u0153il \u00e0 la crypte \u00e0 travers la bouche d&#8217;a\u00e9ration sur la gauche de la chapelle si vous avez une lampe \u00e9lectrique&#8230;<\/p>\n\t<p><em>Vous allez retourner devant l&#8217;escalier et le monter, en haut avancez tout droit en d\u00e9passant les trois chapelles sur votre droite et sur votre gauche. Vous arrivez sur le chemin \u00ab Moli\u00e8re et La Fontaine \u00bb qui n&#8217;est pas indiqu\u00e9 ici mais si vous voyez devant vous la chapelle grise de la famille Sailly vous pouvez alors vous engager \u00e0 droite, dans ce chemin qui remonte vous allez tr\u00e8s vite tomber sur les tombes de Moli\u00e8re et de La Fontaine. Elles sont sur votre gauche entour\u00e9es d&#8217;une grille.<\/em><\/p>\n\t\t\t\t<img decoding=\"async\" src=\"http:\/\/visiteperelachaise.online\/wp-content\/uploads\/2023\/11\/20231103_093016-scaled.jpg\" alt=\"20231103_093016\" itemprop=\"image\" title=\"20231103_093016\" onerror=\"this.style.display='none'\"  \/>\n\t<p>\u00a0Qui y a t-il vraiment dans ces cercueils ? Rien \u00e0 mon avis, mais ces c\u00e9notaphes sont avec H\u00e9lo\u00efse et Ab\u00e9lard de belles promotions pour cette n\u00e9cropole qui peinait en 1817 \u00e0 plaire aux parisiens.<\/p>\n\t<p><em>En continuant d&#8217;avancer vous allez voir un croisement. Notre balade continue en remontant le chemin sur votre gauche juste apr\u00e8s le panneau indicateur \u00abchemin Moli\u00e8re et La Fontaine \u00bb. Mais avant \u00e7a, placez vous en face de ce panneau, derri\u00e8re vous, un peu cach\u00e9e ,il y a la chapelle d&#8217;Alphonse Daudet dont vous pouvez voir le portrait. Vous l&#8217;avez vu ? Donc reprenons la balade et engageons nous dans le chemin qui remonte juste apr\u00e8s le panneau. Quelques pav\u00e9s font office de marches, d&#8217;ailleurs arr\u00eatez-vous \u00e0 la premi\u00e8re marche. Sur votre droite, derri\u00e8re la s\u00e9pulture de la famille Gales Migeon et Ange\u00e9 il y a la tombe de Parmentier, mais continuons jusqu&#8217;\u00e0 la prochaine intersection. C&#8217;est une avenue pav\u00e9e, l&#8217;av. Transversale n\u00b01. En face de vous la s\u00e9pulture Lego et celle de Thomas de Colman. Prenez le chemin juste \u00e0 droite (presque en face) et tournez tout de suite \u00e0 droite dans le chemin des anglais jusqu&#8217;\u00e0 la statue d&#8217;un berger et ses moutons. C&#8217;est la s\u00e9pulture de la famille Davillier.<\/em><\/p>\n\t\t\t<a href=\"https:\/\/visiteperelachaise.online\/?page_id=199\" target=\"_self\" rel=\"noopener\">\n\t\t\t\t\t\t\tla s\u00e9pulture de la famille Davillier\n\t\t\t\t\t<\/a>\n\n","protected":false},"excerpt":{"rendered":"<p>Chapelle Constant Say Apr\u00e8s le mausol\u00e9e d&#8217;\u00c9lisabeth Strogonoff, voici un autre exemple d&#8217;\u00e9sot\u00e9risme au P\u00e8re Lachaise. Cette chapelle a fait parler d&#8217;elle \u00e0 la fin des ann\u00e9es 70. Un reportage dans l&#8217;\u00e9mission \u00abmi figue, mi raisin\u00bb\u00a0 y avait r\u00e9v\u00e9l\u00e9 quelques pratiques douteuses . Il y a plusieurs dizaines ann\u00e9es maintenant, se d\u00e9roulait dans la crypte [&hellip;]<\/p>\n","protected":false},"author":1,"featured_media":0,"parent":0,"menu_order":0,"comment_status":"closed","ping_status":"closed","template":"","meta":{"om_disable_all_campaigns":false,"footnotes":""},"aioseo_notices":[],"_links":{"self":[{"href":"https:\/\/visiteperelachaise.online\/index.php?rest_route=\/wp\/v2\/pages\/190"}],"collection":[{"href":"https:\/\/visiteperelachaise.online\/index.php?rest_route=\/wp\/v2\/pages"}],"about":[{"href":"https:\/\/visiteperelachaise.online\/index.php?rest_route=\/wp\/v2\/types\/page"}],"author":[{"embeddable":true,"href":"https:\/\/visiteperelachaise.online\/index.php?rest_route=\/wp\/v2\/users\/1"}],"replies":[{"embeddable":true,"href":"https:\/\/visiteperelachaise.online\/index.php?rest_route=%2Fwp%2Fv2%2Fcomments&post=190"}],"version-history":[{"count":6,"href":"https:\/\/visiteperelachaise.online\/index.php?rest_route=\/wp\/v2\/pages\/190\/revisions"}],"predecessor-version":[{"id":334,"href":"https:\/\/visiteperelachaise.online\/index.php?rest_route=\/wp\/v2\/pages\/190\/revisions\/334"}],"wp:attachment":[{"href":"https:\/\/visiteperelachaise.online\/index.php?rest_route=%2Fwp%2Fv2%2Fmedia&parent=190"}],"curies":[{"name":"wp","href":"https:\/\/api.w.org\/{rel}","templated":true}]}}