{"id":199,"date":"2023-11-09T17:44:50","date_gmt":"2023-11-09T16:44:50","guid":{"rendered":"https:\/\/visiteperelachaise.online\/?page_id=199"},"modified":"2024-03-25T18:20:28","modified_gmt":"2024-03-25T17:20:28","slug":"la-famille-davillier","status":"publish","type":"page","link":"https:\/\/visiteperelachaise.online\/?page_id=199","title":{"rendered":"la famille Davillier"},"content":{"rendered":"\n\n\t<h1>la s\u00e9pulture de la famille Davillier<\/h1>\n\t\t\t\t<img decoding=\"async\" src=\"http:\/\/visiteperelachaise.online\/wp-content\/uploads\/2023\/11\/20231022_144616-scaled.jpg\" alt=\"20231022_144616\" itemprop=\"image\" title=\"20231022_144616\" onerror=\"this.style.display='none'\"  \/>\n\t<p>Voici une petite histoire : Il y a bien longtemps les femmes tromp\u00e9es venaient ici le matin toucher les pieds du christ ou le museau du mouton pour s&#8217;assurer du retour et de la fid\u00e9lit\u00e9 de leurs maris. \u00ab le mari qui a quitt\u00e9 le tombeau familial reviendra&#8230; comme les moutons. \u00bb Au fils des \u00e9poques les ph\u00e9nom\u00e8nes de modes comme celui-ci, ne perdurent pas toujours, mais la l\u00e9gende de la prochaine tombe est encore tout \u00e0 fait actuelle et fait d&#8217;elle une r\u00e9elle attraction, un arr\u00eat presque obligatoire. Allons sur la tombe de Victor Noir, un folklore de plus au P\u00e8re Lachaise.<\/p>\n\t<p><em>Retournez en arri\u00e8re jusqu&#8217;\u00e0 l&#8217;all\u00e9e pav\u00e9e et prenez la premi\u00e8re \u00e0 droite, le chemin se r\u00e9tr\u00e9cit sur quelques m\u00e8tres puis revient \u00e0 une dimension normale. Nous allons faire une pause au prochain croisement de cette avenue qui se nomme l&#8217;av. Greff\u00fclhe et de l&#8217;avenue transversale 2. regardez l&#8217;\u00e9pitaphe de la s\u00e9pulture de Louis-Marie Morris que fait l&#8217;angle \u00e0 droite.<\/em><\/p>\n\t\t\t\t<img decoding=\"async\" src=\"http:\/\/visiteperelachaise.online\/wp-content\/uploads\/2023\/11\/20231115_120655-scaled.jpg\" alt=\"20231115_120655\" itemprop=\"image\" title=\"20231115_120655\" onerror=\"this.style.display='none'\"  \/>\n\t<p>C&#8217;est l&#8217;une des plus belle du cimeti\u00e8re : &#8221;Agathe Moris&#8221; Je suis n\u00e9 en 1808 MA BONNE TANTE d&#8217;une pauvret\u00e9 extr\u00eame me prit m&#8217;\u00e9leva jusqu&#8217;\u00e0 sa mort en 1825 OMBRE CH\u00c8RE du haut de l&#8217;\u00e9ternelle lumi\u00e8re crois moi ton neveu reconnaissant.<\/p>\n<p>Ici on sent bien un changement d&#8217;ambiance, nous sommes pass\u00e9s dans la partie plus r\u00e9cente du cimeti\u00e8re, sa derni\u00e8re extension en 1850, nous d\u00e9voile un terrain plus plat, aux all\u00e9es rectilignes et une v\u00e9g\u00e9tation clairsem\u00e9e. <\/p>\n\t<p><em>Pour continuer la balade, placez vous en face de la s\u00e9pulture Moris, et continuez \u00e0 droite sur l&#8217;avenue transversale 2. La tombe de Victor Noir est un gisant que vous allez tr\u00e8s vite apercevoir sur votre droite. Peut-\u00eatre m\u00eame que vous verrez un petit attroupement devant.<\/em><\/p>\n\t\t\t<a href=\"https:\/\/visiteperelachaise.online\/?page_id=203\" target=\"_self\" rel=\"noopener\">\n\t\t\t\t\t\t\tVictor Noir\n\t\t\t\t\t<\/a>\n\n","protected":false},"excerpt":{"rendered":"<p>la s\u00e9pulture de la famille Davillier Voici une petite histoire : Il y a bien longtemps les femmes tromp\u00e9es venaient ici le matin toucher les pieds du christ ou le museau du mouton pour s&#8217;assurer du retour et de la fid\u00e9lit\u00e9 de leurs maris. \u00ab le mari qui a quitt\u00e9 le tombeau familial reviendra&#8230; comme [&hellip;]<\/p>\n","protected":false},"author":1,"featured_media":0,"parent":0,"menu_order":0,"comment_status":"closed","ping_status":"closed","template":"","meta":{"om_disable_all_campaigns":false,"footnotes":""},"aioseo_notices":[],"_links":{"self":[{"href":"https:\/\/visiteperelachaise.online\/index.php?rest_route=\/wp\/v2\/pages\/199"}],"collection":[{"href":"https:\/\/visiteperelachaise.online\/index.php?rest_route=\/wp\/v2\/pages"}],"about":[{"href":"https:\/\/visiteperelachaise.online\/index.php?rest_route=\/wp\/v2\/types\/page"}],"author":[{"embeddable":true,"href":"https:\/\/visiteperelachaise.online\/index.php?rest_route=\/wp\/v2\/users\/1"}],"replies":[{"embeddable":true,"href":"https:\/\/visiteperelachaise.online\/index.php?rest_route=%2Fwp%2Fv2%2Fcomments&post=199"}],"version-history":[{"count":6,"href":"https:\/\/visiteperelachaise.online\/index.php?rest_route=\/wp\/v2\/pages\/199\/revisions"}],"predecessor-version":[{"id":384,"href":"https:\/\/visiteperelachaise.online\/index.php?rest_route=\/wp\/v2\/pages\/199\/revisions\/384"}],"wp:attachment":[{"href":"https:\/\/visiteperelachaise.online\/index.php?rest_route=%2Fwp%2Fv2%2Fmedia&parent=199"}],"curies":[{"name":"wp","href":"https:\/\/api.w.org\/{rel}","templated":true}]}}