{"id":203,"date":"2023-11-09T17:45:59","date_gmt":"2023-11-09T16:45:59","guid":{"rendered":"https:\/\/visiteperelachaise.online\/?page_id=203"},"modified":"2023-12-07T14:57:03","modified_gmt":"2023-12-07T13:57:03","slug":"victor-noir-1848-1870","status":"publish","type":"page","link":"https:\/\/visiteperelachaise.online\/?page_id=203","title":{"rendered":"Victor Noir 1848-1870"},"content":{"rendered":"\n\n\t<h1>Victor Noir 1848-1870<\/h1>\n\t\t\t\t<img decoding=\"async\" src=\"http:\/\/visiteperelachaise.online\/wp-content\/uploads\/2023\/11\/20231022_145018.jpg\" alt=\"20231022_145018\" itemprop=\"image\" title=\"20231022_145018\" onerror=\"this.style.display='none'\"  \/>\n\t<p>Vous avez devant vous l&#8217;un des plus beaux gisant du cimeti\u00e8re r\u00e9alis\u00e9 par Jules Dalou.<\/p>\n<p>Observez bien la sculpture, un d\u00e9tail devrait vous sauter aux yeux. Ce gisant est dot\u00e9 d&#8217;une virilit\u00e9 tout \u00e0 fait exag\u00e9r\u00e9e! La l\u00e9gende veut qu&#8217;il faille toucher la partie virile pour qu&#8217;une femme en mal d&#8217;enfant devienne fertile. De nos jours, se rendre sur cette tombe tient plus de la curiosit\u00e9 et de la blague que d&#8217;une r\u00e9elle croyance.\u00a0<\/p>\n<p>Victor noir a quitt\u00e9 ce monde dans des conditions bien dramatiques.<\/p>\n<p>Nous sommes \u00e0 l&#8217;apog\u00e9e du second empire, en janvier 1870 lorsque Pierre Bonaparte, cousin de Napol\u00e9on III, provoque une vive pol\u00e9mique. Il signe dans le journal \u00abL&#8217;Avenir de la Corse\u00bb un article virulent contre \u00abLa Revanche\u00bb un autre journal Corse mais celui-ci anti-bonapartiste. Le parent de l&#8217;empereur y d\u00e9signe les r\u00e9publicains de l&#8217;\u00eele comme des &#8220;tra\u00eetres et des mendiants&#8221;. Tr\u00e8s vite l&#8217;affaire enflamme toutes les r\u00e9dactions du pays.\u00a0<\/p>\n<p>Victor Noir ou Yvan Salmon de son vrai nom est un jeune journaliste de 21 ans, il vient d&#8217;entrer au journal \u00abla Marseillaise\u00bb et va malheureusement perdre la vie a cause de cette affaire. Pascal Grousset, correspondant parisien pour \u00abla revanche\u00bb se sent offens\u00e9, exigeant r\u00e9paration il demande \u00e0 ses confr\u00e8res Victor Noir et Ulrich de Fonvielle de se rendre au domicile du Prince Pierre Bonaparte \u00e0 Auteuil, pour y pr\u00e9senter une demande de r\u00e9paration par les armes. L&#8217;entrevue ne se d\u00e9roule pas comme pr\u00e9vu. Le cousin de l&#8217;empereur se sent menac\u00e9 et tue d&#8217;un coup de revolver Victor Noir.\u00a0<\/p>\n<p>Notre jeune journaliste meurt deux jours avant son mariage. La nouvelle r\u00e9sonne comme un coup de tonnerre dans tout Paris. L&#8217;enterrement sera organis\u00e9 \u00e0 Neuilly-sur-Seine selon les v\u0153ux de la famille, mais \u00e9galement des autorit\u00e9s souhaitant \u00e9viter tout d\u00e9bordement&#8230; Malgr\u00e9 tout, une foule agit\u00e9e de plusieurs milliers de parisiens suit le cort\u00e8ge, on sent le Paris r\u00e9volutionnaire se r\u00e9veiller. Le Prince de Bonaparte est acquitt\u00e9 et condamn\u00e9 \u00e0 des dommages-int\u00e9r\u00eats.<\/p>\n<p>Ce ne sera pas suffisant pour calmer le peuple parisien, Victor Noir devient un martyr innocent de la politique imp\u00e9riale, et deviendra un symbole pour les futurs communards, une r\u00e9volution est en marche&#8230;\u00a0<\/p>\n<p>Il est repr\u00e9sent\u00e9 dans la position o\u00f9 il aurait \u00e9t\u00e9 trouv\u00e9 apr\u00e8s le coup de feu. Victor Noir est transf\u00e9r\u00e9 ici en 1885, l&#8217;emplacement sur le parcours des comm\u00e9morations de la Commune de Paris n&#8217;est pas laiss\u00e9 au hasard. Les cort\u00e8ges passent dans cette avenue (o\u00f9 de nombreux communards sont enterr\u00e9s) et se terminent au mur des f\u00e9d\u00e9r\u00e9s.<\/p>\n<p>Tout le monde ne sait peut-\u00eatre pas que les derniers combats qui ach\u00e8vent la fameuse &#8221;semaine sanglante&#8221; , celle du 21 au 28 mai 1871, se d\u00e9roulent ici au P\u00e8re Lachaise. Les f\u00e9d\u00e9r\u00e9s retranch\u00e9s dans la n\u00e9cropole furent encercl\u00e9s par les versaillais et les prussiens. Sur ordre de Thiers les 147 survivants furent fusill\u00e9s le 28 mai devant le mur qui sera rebaptis\u00e9 &#8221;mur des f\u00e9d\u00e9r\u00e9s&#8221;.<\/p>\n\t<p>Nous arrivons \u00e0 la fin de cette balade, vous pouvez continuer en encha\u00eenant avec l&#8217;autre balade pour d\u00e9couvrir la tombe de Louis Lacombe et deviner son m\u00e9tier ou quitter le cimeti\u00e8re. Dans les deux cas vous allez suivre les instructions qui suivent.<\/p>\n\t<p><em>Quand vous \u00eates face au gisant, continuez le parcours sur votre gauche. A la deuxi\u00e8me intersection ( av. transversale 2 et av. Aguado) regardez \u00e0 gauche, vous allez voir trois bouleaux, c&#8217;est la tombe Yves Montand et Simone Signoret. Continuez toujours tout droit sur l&#8217;av. transversale 2 et longer le cr\u00e9matorium. Arriv\u00e9 \u00e0 la prochaine intersection regardez devant-vous, un peu en hauteur un buste vert en cuivre avec \u00e0 son cot\u00e9 un petit chien blanc. Dirigez vous vers ce buste, celui de Louis Lacombe, car c&#8217;est notre point de d\u00e9part.<\/em><\/p>\n\t\t\t<a href=\"https:\/\/visiteperelachaise.online\/?page_id=79\" target=\"_self\" rel=\"noopener\">\n\t\t\t\t\t\t\tLouis Lacombe\n\t\t\t\t\t<\/a>\n\n","protected":false},"excerpt":{"rendered":"<p>Victor Noir 1848-1870 Vous avez devant vous l&#8217;un des plus beaux gisant du cimeti\u00e8re r\u00e9alis\u00e9 par Jules Dalou. Observez bien la sculpture, un d\u00e9tail devrait vous sauter aux yeux. Ce gisant est dot\u00e9 d&#8217;une virilit\u00e9 tout \u00e0 fait exag\u00e9r\u00e9e! La l\u00e9gende veut qu&#8217;il faille toucher la partie virile pour qu&#8217;une femme en mal d&#8217;enfant devienne [&hellip;]<\/p>\n","protected":false},"author":1,"featured_media":0,"parent":0,"menu_order":0,"comment_status":"closed","ping_status":"closed","template":"","meta":{"om_disable_all_campaigns":false,"footnotes":""},"aioseo_notices":[],"_links":{"self":[{"href":"https:\/\/visiteperelachaise.online\/index.php?rest_route=\/wp\/v2\/pages\/203"}],"collection":[{"href":"https:\/\/visiteperelachaise.online\/index.php?rest_route=\/wp\/v2\/pages"}],"about":[{"href":"https:\/\/visiteperelachaise.online\/index.php?rest_route=\/wp\/v2\/types\/page"}],"author":[{"embeddable":true,"href":"https:\/\/visiteperelachaise.online\/index.php?rest_route=\/wp\/v2\/users\/1"}],"replies":[{"embeddable":true,"href":"https:\/\/visiteperelachaise.online\/index.php?rest_route=%2Fwp%2Fv2%2Fcomments&post=203"}],"version-history":[{"count":10,"href":"https:\/\/visiteperelachaise.online\/index.php?rest_route=\/wp\/v2\/pages\/203\/revisions"}],"predecessor-version":[{"id":336,"href":"https:\/\/visiteperelachaise.online\/index.php?rest_route=\/wp\/v2\/pages\/203\/revisions\/336"}],"wp:attachment":[{"href":"https:\/\/visiteperelachaise.online\/index.php?rest_route=%2Fwp%2Fv2%2Fmedia&parent=203"}],"curies":[{"name":"wp","href":"https:\/\/api.w.org\/{rel}","templated":true}]}}