{"id":351,"date":"2023-12-07T16:43:53","date_gmt":"2023-12-07T15:43:53","guid":{"rendered":"https:\/\/visiteperelachaise.online\/?page_id=351"},"modified":"2023-12-07T16:58:54","modified_gmt":"2023-12-07T15:58:54","slug":"les-sepultures","status":"publish","type":"page","link":"https:\/\/visiteperelachaise.online\/?page_id=351","title":{"rendered":"les s\u00e9pultures"},"content":{"rendered":"\n\n\t<h1>Les s\u00e9pultures<\/h1>\n\t\t\t<a href=\"https:\/\/visiteperelachaise.online\/?page_id=79\" target=\"_self\" rel=\"noopener\">\n\t\t\t\t\t\t\tLouis Lacombe\n\t\t\t\t\t<\/a>\n\t\t\t<a href=\"https:\/\/visiteperelachaise.online\/?page_id=87\" target=\"_self\" rel=\"noopener\">\n\t\t\t\t\t\t\tJean Baptiste Pezon\n\t\t\t\t\t<\/a>\n\t\t\t<a href=\"https:\/\/visiteperelachaise.online\/?page_id=91\" target=\"_self\" rel=\"noopener\">\n\t\t\t\t\t\t\tAllan Kardec\n\t\t\t\t\t<\/a>\n\t\t\t<a href=\"https:\/\/visiteperelachaise.online\/?page_id=106\" target=\"_self\" rel=\"noopener\">\n\t\t\t\t\t\t\tHonor\u00e9 de Balzac\n\t\t\t\t\t<\/a>\n\t\t\t<a href=\"https:\/\/visiteperelachaise.online\/?page_id=132\" target=\"_self\" rel=\"noopener\">\n\t\t\t\t\t\t\tVictor Schoelcher\n\t\t\t\t\t<\/a>\n\t\t\t<a href=\"https:\/\/visiteperelachaise.online\/?page_id=154\" target=\"_self\" rel=\"noopener\">\n\t\t\t\t\t\t\tFr\u00e9d\u00e9ric Chopin\n\t\t\t\t\t<\/a>\n\t\t\t<a href=\"https:\/\/visiteperelachaise.online\/?page_id=159\" target=\"_self\" rel=\"noopener\">\n\t\t\t\t\t\t\tAuguste Clesinger\n\t\t\t\t\t<\/a>\n\t\t\t<a href=\"https:\/\/visiteperelachaise.online\/?page_id=167\" target=\"_self\" rel=\"noopener\">\n\t\t\t\t\t\t\tH\u00e9lo\u00efse et Ab\u00e9lard\n\t\t\t\t\t<\/a>\n\t\t\t<a href=\"https:\/\/visiteperelachaise.online\/?page_id=178\" target=\"_self\" rel=\"noopener\">\n\t\t\t\t\t\t\tJim Morrison\n\t\t\t\t\t<\/a>\n\t\t\t<a href=\"https:\/\/visiteperelachaise.online\/?page_id=185\" target=\"_self\" rel=\"noopener\">\n\t\t\t\t\t\t\t\u00c9lisabeth Deminoff, n\u00e9e Baronne de Stroganoff\n\t\t\t\t\t<\/a>\n\t\t\t<a href=\"https:\/\/visiteperelachaise.online\/?page_id=190\" target=\"_self\" rel=\"noopener\">\n\t\t\t\t\t\t\tChapelle Constant Say\n\t\t\t\t\t<\/a>\n\t\t\t<a href=\"https:\/\/visiteperelachaise.online\/?page_id=199\" target=\"_self\" rel=\"noopener\">\n\t\t\t\t\t\t\tla s\u00e9pulture de la famille Davillier\n\t\t\t\t\t<\/a>\n\t\t\t<a href=\"https:\/\/visiteperelachaise.online\/?page_id=203\" target=\"_self\" rel=\"noopener\">\n\t\t\t\t\t\t\tVictor Noir\n\t\t\t\t\t<\/a>\n\n","protected":false},"excerpt":{"rendered":"<p>Les s\u00e9pultures Louis Lacombe Jean Baptiste Pezon Allan Kardec Honor\u00e9 de Balzac Victor Schoelcher Fr\u00e9d\u00e9ric Chopin Auguste Clesinger H\u00e9lo\u00efse et Ab\u00e9lard Jim Morrison \u00c9lisabeth Deminoff, n\u00e9e Baronne de Stroganoff Chapelle Constant Say la s\u00e9pulture de la famille Davillier Victor Noir<\/p>\n","protected":false},"author":1,"featured_media":0,"parent":0,"menu_order":0,"comment_status":"closed","ping_status":"closed","template":"","meta":{"om_disable_all_campaigns":false,"footnotes":""},"aioseo_notices":[],"_links":{"self":[{"href":"https:\/\/visiteperelachaise.online\/index.php?rest_route=\/wp\/v2\/pages\/351"}],"collection":[{"href":"https:\/\/visiteperelachaise.online\/index.php?rest_route=\/wp\/v2\/pages"}],"about":[{"href":"https:\/\/visiteperelachaise.online\/index.php?rest_route=\/wp\/v2\/types\/page"}],"author":[{"embeddable":true,"href":"https:\/\/visiteperelachaise.online\/index.php?rest_route=\/wp\/v2\/users\/1"}],"replies":[{"embeddable":true,"href":"https:\/\/visiteperelachaise.online\/index.php?rest_route=%2Fwp%2Fv2%2Fcomments&post=351"}],"version-history":[{"count":5,"href":"https:\/\/visiteperelachaise.online\/index.php?rest_route=\/wp\/v2\/pages\/351\/revisions"}],"predecessor-version":[{"id":356,"href":"https:\/\/visiteperelachaise.online\/index.php?rest_route=\/wp\/v2\/pages\/351\/revisions\/356"}],"wp:attachment":[{"href":"https:\/\/visiteperelachaise.online\/index.php?rest_route=%2Fwp%2Fv2%2Fmedia&parent=351"}],"curies":[{"name":"wp","href":"https:\/\/api.w.org\/{rel}","templated":true}]}}