{"id":51,"date":"2023-10-29T19:49:59","date_gmt":"2023-10-29T18:49:59","guid":{"rendered":"https:\/\/visiteperelachaise.online\/?page_id=51"},"modified":"2023-12-07T17:41:50","modified_gmt":"2023-12-07T16:41:50","slug":"les-balades","status":"publish","type":"page","link":"https:\/\/visiteperelachaise.online\/?page_id=51","title":{"rendered":"La balade"},"content":{"rendered":"\n\n\t<h1>La balade<\/h1>\n\t\t\t\t<img decoding=\"async\" src=\"http:\/\/visiteperelachaise.online\/wp-content\/uploads\/2023\/11\/20231024_162321-2-scaled.jpg\" alt=\"20231024_162321 (2)\" itemprop=\"image\" title=\"20231024_162321 (2)\" onerror=\"this.style.display='none'\"  \/>\n\t<p>Avec cette balade vous allez d\u00e9couvrir les codes d&#8217;une pierre tombale, apprendre des anecdotes, conna\u00eetre des personnalit\u00e9s aujourd&#8217;hui m\u00e9connues, passer par des chemins que vous n&#8217;auriez peut \u00eatre pas os\u00e9 emprunter et observer l&#8217;\u0153uvre du temps qui rend certains endroits magiques.<\/p>\n\t<h1>Choisissez votre porte.<\/h1>\n\t\t\t<a href=\"https:\/\/visiteperelachaise.online\/?page_id=56\" target=\"_self\" rel=\"noopener\">\n\t\t\t\t\t\t\tporte Gambetta (ent\u00e9e nord)\n\t\t\t\t\t<\/a>\n\t\t\t<a href=\"https:\/\/visiteperelachaise.online\/?page_id=58\" target=\"_self\" rel=\"noopener\">\n\t\t\t\t\t\t\tporte principale (entr\u00e9e sud)\n\t\t\t\t\t<\/a>\n\t\t\t<a href=\"\" target=\"_self\" rel=\"noopener\">\n\t\t\t\t\t\t\tporte de la r\u00e9union (entr\u00e9e est)\n\t\t\t\t\t<\/a>\n\t\t\t<a href=\"\" target=\"_self\" rel=\"noopener\">\n\t\t\t\t\t\t\ttrouvez la tombe la plus proche de vous\n\t\t\t\t\t<\/a>\n\n","protected":false},"excerpt":{"rendered":"<p>La balade Avec cette balade vous allez d\u00e9couvrir les codes d&#8217;une pierre tombale, apprendre des anecdotes, conna\u00eetre des personnalit\u00e9s aujourd&#8217;hui m\u00e9connues, passer par des chemins que vous n&#8217;auriez peut \u00eatre pas os\u00e9 emprunter et observer l&#8217;\u0153uvre du temps qui rend certains endroits magiques. Choisissez votre porte. porte Gambetta (ent\u00e9e nord) porte principale (entr\u00e9e sud) porte [&hellip;]<\/p>\n","protected":false},"author":1,"featured_media":0,"parent":0,"menu_order":0,"comment_status":"closed","ping_status":"closed","template":"","meta":{"om_disable_all_campaigns":false,"footnotes":""},"aioseo_notices":[],"_links":{"self":[{"href":"https:\/\/visiteperelachaise.online\/index.php?rest_route=\/wp\/v2\/pages\/51"}],"collection":[{"href":"https:\/\/visiteperelachaise.online\/index.php?rest_route=\/wp\/v2\/pages"}],"about":[{"href":"https:\/\/visiteperelachaise.online\/index.php?rest_route=\/wp\/v2\/types\/page"}],"author":[{"embeddable":true,"href":"https:\/\/visiteperelachaise.online\/index.php?rest_route=\/wp\/v2\/users\/1"}],"replies":[{"embeddable":true,"href":"https:\/\/visiteperelachaise.online\/index.php?rest_route=%2Fwp%2Fv2%2Fcomments&post=51"}],"version-history":[{"count":24,"href":"https:\/\/visiteperelachaise.online\/index.php?rest_route=\/wp\/v2\/pages\/51\/revisions"}],"predecessor-version":[{"id":371,"href":"https:\/\/visiteperelachaise.online\/index.php?rest_route=\/wp\/v2\/pages\/51\/revisions\/371"}],"wp:attachment":[{"href":"https:\/\/visiteperelachaise.online\/index.php?rest_route=%2Fwp%2Fv2%2Fmedia&parent=51"}],"curies":[{"name":"wp","href":"https:\/\/api.w.org\/{rel}","templated":true}]}}