{"id":54,"date":"2023-10-29T19:52:22","date_gmt":"2023-10-29T18:52:22","guid":{"rendered":"https:\/\/visiteperelachaise.online\/?page_id=54"},"modified":"2023-12-07T16:15:58","modified_gmt":"2023-12-07T15:15:58","slug":"histoire-du-pere-lachaise","status":"publish","type":"page","link":"https:\/\/visiteperelachaise.online\/?page_id=54","title":{"rendered":"Histoire du P\u00e8re-Lachaise"},"content":{"rendered":"\n\n\t<h1>Histoire du P\u00e8re-Lachaise<\/h1>\n\t\t\t\t<img decoding=\"async\" src=\"http:\/\/visiteperelachaise.online\/wp-content\/uploads\/2023\/12\/20231024_162217-scaled.jpg\" alt=\"20231024_162217\" itemprop=\"image\" title=\"20231024_162217\" onerror=\"this.style.display='none'\"  \/>\n\tUn peu d&#8217;histoire avant de commencer&#8230;<br \/>\nL&#8217;histoire que nous connaissons de ce lieu remonte au Moyen \u00c2ge. A l&#8217;\u00e9poque, arpenter cette terre c&#8217;est traverser un vaste terrain cultiv\u00e9 appartenant sans doute \u00e0 l&#8217;\u00e9v\u00eaque de Paris car le lieu s&#8217;appelle \u00abLe Champ L&#8217;Ev\u00eaque\u00bb.\nEn 1430, alors que l&#8217;enceinte de Charles V situe les limites de Paris \u00e0 la Bastille, un riche n\u00e9gociant en \u00e9pices nomm\u00e9 Regnault de Wandonne rach\u00e8te cette colline. Elle est excentr\u00e9e et jouit de quelques avantages : un terrain fertile, un air pur et de magnifiques vues sur Paris. Il s&#8217;y fera construire une maison de<br \/>\ncampagne qu&#8217;on imagine somptueuse car le peuple la renomme \u00ab La Folie Regnault \u00bb.\nAu XVII si\u00e8cle c&#8217;est un bout de campagne comme il y en tant autour de Paris,<br \/>\nun coin tranquille entre le village de Charonne et de Belleville. Regnault de Wandonne n&#8217;est plus de ce monde depuis bien longtemps, mais sa demeure est encore debout. C&#8217;est une femme, une vieille d\u00e9vote profond\u00e9ment attach\u00e9e \u00e0 l&#8217;ordre des j\u00e9suites de la rue st Antoine qui va sans le savoir changer la destin\u00e9 des lieux. Elle leur offre ce domaine qui deviendra leur lieu de repos et de convalescence.\nLes nouveaux propri\u00e9taires se sentent bien ici, excentr\u00e9s de la capitale ils peuvent venir se d\u00e9tendre loin des tumultes de la ville mais le nom burlesque de \u00ab Folie Regnault \u00bb reste un petit probl\u00e8me \u00e0 r\u00e9gler. Au matin du 2<br \/>\njuillet 1652, ils d\u00e9cident donc d&#8217;ouvrir au cardinal Mazarin leur maison pour y<br \/>\nmontrer \u00e0 Louis XIV, encore enfant, les combats de la Fronde dans le faubourg<br \/>\nst Antoine. C&#8217;est \u00e0 cet instant qu&#8217;ils lui offrirent de donner son nom \u00e0 la colline.<br \/>\nDevenu le \u00ab Mont-Louis \u00bb le nouveau nom du domaine est adopt\u00e9. Mais pour les parisiens le lieu restera \u00ab folie Regnault \u00bb, voire quelques ann\u00e9es apr\u00e8s \u00ab Folie la Chaise \u00bb car c&#8217;est gr\u00e2ce au r\u00e9v\u00e9rend p\u00e8re Fran\u00e7ois d&#8217;Aix de La Chaise, qui aime venir se reposer ici, que le domaine va conna\u00eetre un v\u00e9ritable nouvel<br \/>\nessor&#8230; (Aujourd&#8217;hui les rues de la Folie Regnault et du Mont Louis toutes proches en gardent le souvenir.)\nEn 1675, le p\u00e8re Fran\u00e7ois d&#8217;Aix de La Chaise devient le confesseur de Louis XIV,<br \/>\nde vastes travaux sont alors entrepris pour accueillir plus dignement le directeur de conscience du Roi. Comme le monarque exige une habitation particuli\u00e8re pour son confesseur qu&#8217;il affectionne particuli\u00e8rement, un petit ch\u00e2teau est \u00e9rig\u00e9 et gr\u00e2ce aux largesses royales, le jardin est embelli et agrandi. De nombreux arbres sont plant\u00e9s, des sources d&#8217;eau am\u00e9nag\u00e9es, un verger, des<br \/>\nbosquets, des vignes sont plant\u00e9es. Il faut s&#8217;imaginer la beaut\u00e9 du lieu, son calme, et toujours cette vue imprenable sur la capitale. Le p\u00e8re Fran\u00e7ois d&#8217;Aix de La Chaise a de l&#8217;influence sur le vieux monarque, beaucoup m\u00eame et rien ne lui r\u00e9siste ! Le mont Louis devient alors le centre du pouvoir j\u00e9suite en France, un lieu o\u00f9 se trament et se d\u00e9nouent les intrigues de la Cour. Toute la noblesse, le Tiers-\u00e9tat, le clerg\u00e9, les ambitieux et courtisans en tout genre se pressent ici m\u00eame pour demander audience au confesseur. Son fr\u00e8re, le comte de La Chaise y organise de grandes f\u00eates somptueuses.<br \/>\nLe lieu est connu de tous les Parisiens, tellement connu que lorsque bien plus tard quand le \u00ab cimeti\u00e8re de l&#8217;est \u00bb sera inaugur\u00e9, la population le rebaptisera imm\u00e9diatement \u00ab le cimeti\u00e8re du P\u00e8re La Chaise \u00bb &#8230; qui lui est enterr\u00e9 &#8230; \u00e0 l&#8217;\u00e9glise Saint-Paul-Saint-Louis.\nLe temps passe et les j\u00e9suites sont contraints de partir. Chass\u00e9s par Louis XV et<br \/>\nles autres souverains europ\u00e9ens, il est ordonn\u00e9 en 1763 par d\u00e9cision royale d&#8217;interdire la Compagnie et de la bannir de France. Tous leurs biens sont vendus et le mont Louis ne fait pas exception. C&#8217;est le Baron des Fontaines qui devient le nouveau propri\u00e9taire des lieux mais la r\u00e9volution alt\u00e8re sa fortune et l&#8217;entretien d&#8217;une maison de vill\u00e9giature para\u00eet trop dispendieuse. Abandonn\u00e9e, l&#8217;habitation des J\u00e9suites tombe en ruine, le domaine est red\u00e9coup\u00e9 en plusieurs parcelles. La nature reprend ses droits et les magnifiques bosquets et verg\u00e9s se d\u00e9t\u00e9riorent peu \u00e0 peu.\nVoici l&#8217;\u00e9tat des lieux du Mont Louis au d\u00e9but du XIXeme si\u00e8cle quand M. Frochot, le pr\u00e9fet du d\u00e9partement de la Seine, le rep\u00e8re pour l&#8217;emplacement de la nouvelle n\u00e9cropole de la capitale. Il faut des cimeti\u00e8res modernes et faire table rase du pass\u00e9. De nouvelles formes d&#8217;hygi\u00e8nes et de salubrit\u00e9 publique inspir\u00e9es par la philosophie des lumi\u00e8res apparaissent et permettent de r\u00e9inventer les lieux fun\u00e9raires.<br \/>\nEn plus, Napol\u00e9on, encore consul, est soucieux d&#8217;affermir son pouvoir sur des institutions jusqu&#8217;alors eccl\u00e9siastiques. Apr\u00e8s une loi qui interdit l&#8217;inhumation dans les \u00e9glises, les couvents et les cimeti\u00e8res intra muros, il d\u00e9clare que \u00abchaque citoyen a le droit d&#8217;\u00eatre enterr\u00e9 quelle que soit sa race ou sa religion \u00bb r\u00e9glant ainsi le sort des exclus de l&#8217;\u00e9glise. Une loi inaugurant les concessions \u00e0 perp\u00e9tuit\u00e9s vient m\u00eame compl\u00e9ter l&#8217;innovation. Ce processus de s\u00e9cularisation va faire de cette n\u00e9cropole le premier cimeti\u00e8re v\u00e9ritablement moderne et la\u00efc, il ne reste plus qu&#8217;\u00e0 confier les plans \u00e0 Alexandre Brongniart, \u00e0 qui l&#8217;on doit le<br \/>\npalais de la Bourse de Paris. Le terrain est id\u00e9al car il permet \u00e0 l&#8217;architecte de conserver les bosquets et les jardins du r\u00e9v\u00e9rant Fran\u00e7ois d&#8217;Aix de La chaise tout en dessinant de nouvelles all\u00e9es bord\u00e9es d&#8217;arbres divers. L&#8217;id\u00e9e est de r\u00e9aliser un v\u00e9ritable jardin \u00e0 l&#8217;anglaise, un parc fun\u00e9raire, ce sera d&#8217;ailleurs le premier grand parc parisien quand le 21 mai 1804 ouvre officiellement le cimeti\u00e8re de l&#8217;est, rebaptis\u00e9 par les parisiens \u00able cimeti\u00e8re du P\u00e8re Lachaise \u00bb.\n\t\t\t<a href=\"https:\/\/visiteperelachaise.online\/?page_id=51\" target=\"_self\" rel=\"noopener\">\n\t\t\t\t\t\t\tLa balade\n\t\t\t\t\t<\/a>\n\t\t\t<a href=\"\" target=\"_self\" rel=\"noopener\">\n\t\t\t\t\t\t\tLe plan\n\t\t\t\t\t<\/a>\n\n","protected":false},"excerpt":{"rendered":"<p>Histoire du P\u00e8re-Lachaise Un peu d&#8217;histoire avant de commencer&#8230; L&#8217;histoire que nous connaissons de ce lieu remonte au Moyen \u00c2ge. A l&#8217;\u00e9poque, arpenter cette terre c&#8217;est traverser un vaste terrain cultiv\u00e9 appartenant sans doute \u00e0 l&#8217;\u00e9v\u00eaque de Paris car le lieu s&#8217;appelle \u00abLe Champ L&#8217;Ev\u00eaque\u00bb. En 1430, alors que l&#8217;enceinte de Charles V situe les [&hellip;]<\/p>\n","protected":false},"author":1,"featured_media":0,"parent":0,"menu_order":0,"comment_status":"closed","ping_status":"closed","template":"","meta":{"om_disable_all_campaigns":false,"footnotes":""},"aioseo_notices":[],"_links":{"self":[{"href":"https:\/\/visiteperelachaise.online\/index.php?rest_route=\/wp\/v2\/pages\/54"}],"collection":[{"href":"https:\/\/visiteperelachaise.online\/index.php?rest_route=\/wp\/v2\/pages"}],"about":[{"href":"https:\/\/visiteperelachaise.online\/index.php?rest_route=\/wp\/v2\/types\/page"}],"author":[{"embeddable":true,"href":"https:\/\/visiteperelachaise.online\/index.php?rest_route=\/wp\/v2\/users\/1"}],"replies":[{"embeddable":true,"href":"https:\/\/visiteperelachaise.online\/index.php?rest_route=%2Fwp%2Fv2%2Fcomments&post=54"}],"version-history":[{"count":6,"href":"https:\/\/visiteperelachaise.online\/index.php?rest_route=\/wp\/v2\/pages\/54\/revisions"}],"predecessor-version":[{"id":349,"href":"https:\/\/visiteperelachaise.online\/index.php?rest_route=\/wp\/v2\/pages\/54\/revisions\/349"}],"wp:attachment":[{"href":"https:\/\/visiteperelachaise.online\/index.php?rest_route=%2Fwp%2Fv2%2Fmedia&parent=54"}],"curies":[{"name":"wp","href":"https:\/\/api.w.org\/{rel}","templated":true}]}}