{"id":56,"date":"2023-10-29T19:53:01","date_gmt":"2023-10-29T18:53:01","guid":{"rendered":"https:\/\/visiteperelachaise.online\/?page_id=56"},"modified":"2023-12-07T14:30:47","modified_gmt":"2023-12-07T13:30:47","slug":"balade-1","status":"publish","type":"page","link":"https:\/\/visiteperelachaise.online\/?page_id=56","title":{"rendered":"d\u00e9but de la balade par la porte Gambetta"},"content":{"rendered":"\n\n\t<h1>D\u00e9but de la balade par la porte Gambetta<\/h1>\n\t\t\t\t<img decoding=\"async\" src=\"http:\/\/visiteperelachaise.online\/wp-content\/uploads\/2023\/10\/20231024_161927-1-1-scaled.jpg\" alt=\"20231024_161927 (1)\" itemprop=\"image\" title=\"20231024_161927 (1)\" onerror=\"this.style.display='none'\"  \/>\n\tNous commen\u00e7ons la visite \u00e0 la porte Gambetta (entr\u00e9e nord) dans les hauteurs du cimeti\u00e8re. Nous sommes au d\u00e9but de l&#8217;avenue des \u00e9trangers morts pour la France. Vous allez remonter cette avenue consacr\u00e9e aux memoriums et d\u00e9passer l&#8217;avenue transversale n\u00b03 en continuant tout droit. Tout en marchant vous pouvez observer sur votre gauche<br \/>\nle cr\u00e9matorium du cimeti\u00e8re et son columbarium construit par Jean Camille Formig\u00e9 entre 1887 et 1908. Il est inscrit au titre des monuments historiques depuis 1995.\nContinuez \u00e0 avancer jusqu&#8217;\u00e0 l&#8217;av. Transversale n\u00b02, placez vous au centre du carrefour, derri\u00e8re vous l&#8217;entr\u00e9e du cimeti\u00e8re, sur votre droite dans<br \/>\nl&#8217;all\u00e9e, un peu en hauteur un buste vert en cuivre avec \u00e0 son cot\u00e9 un petit chien blanc. Dirigez vous vers ce buste, celui de Louis Lacombe, car c&#8217;est notre point de d\u00e9part.\n\t\t\t<a href=\"https:\/\/visiteperelachaise.online\/?page_id=79\" target=\"_self\" rel=\"noopener\">\n\t\t\t\t\t\t\tLouis Lacombe\n\t\t\t\t\t<\/a>\n\n","protected":false},"excerpt":{"rendered":"<p>D\u00e9but de la balade par la porte Gambetta Nous commen\u00e7ons la visite \u00e0 la porte Gambetta (entr\u00e9e nord) dans les hauteurs du cimeti\u00e8re. Nous sommes au d\u00e9but de l&#8217;avenue des \u00e9trangers morts pour la France. Vous allez remonter cette avenue consacr\u00e9e aux memoriums et d\u00e9passer l&#8217;avenue transversale n\u00b03 en continuant tout droit. Tout en marchant [&hellip;]<\/p>\n","protected":false},"author":1,"featured_media":0,"parent":0,"menu_order":0,"comment_status":"closed","ping_status":"closed","template":"","meta":{"om_disable_all_campaigns":false,"footnotes":""},"aioseo_notices":[],"_links":{"self":[{"href":"https:\/\/visiteperelachaise.online\/index.php?rest_route=\/wp\/v2\/pages\/56"}],"collection":[{"href":"https:\/\/visiteperelachaise.online\/index.php?rest_route=\/wp\/v2\/pages"}],"about":[{"href":"https:\/\/visiteperelachaise.online\/index.php?rest_route=\/wp\/v2\/types\/page"}],"author":[{"embeddable":true,"href":"https:\/\/visiteperelachaise.online\/index.php?rest_route=\/wp\/v2\/users\/1"}],"replies":[{"embeddable":true,"href":"https:\/\/visiteperelachaise.online\/index.php?rest_route=%2Fwp%2Fv2%2Fcomments&post=56"}],"version-history":[{"count":11,"href":"https:\/\/visiteperelachaise.online\/index.php?rest_route=\/wp\/v2\/pages\/56\/revisions"}],"predecessor-version":[{"id":317,"href":"https:\/\/visiteperelachaise.online\/index.php?rest_route=\/wp\/v2\/pages\/56\/revisions\/317"}],"wp:attachment":[{"href":"https:\/\/visiteperelachaise.online\/index.php?rest_route=%2Fwp%2Fv2%2Fmedia&parent=56"}],"curies":[{"name":"wp","href":"https:\/\/api.w.org\/{rel}","templated":true}]}}