{"id":58,"date":"2023-10-29T19:53:28","date_gmt":"2023-10-29T18:53:28","guid":{"rendered":"https:\/\/visiteperelachaise.online\/?page_id=58"},"modified":"2023-12-07T14:31:06","modified_gmt":"2023-12-07T13:31:06","slug":"balade-2","status":"publish","type":"page","link":"https:\/\/visiteperelachaise.online\/?page_id=58","title":{"rendered":"D\u00e9but de la balade par la porte principale"},"content":{"rendered":"\n\n\t<h1>D\u00e9but de la balade par la porte principale<\/h1>\n\t\t\t\t<img decoding=\"async\" src=\"http:\/\/visiteperelachaise.online\/wp-content\/uploads\/2023\/11\/20231024_162330-scaled.jpg\" alt=\"20231024_162330\" itemprop=\"image\" title=\"20231024_162330\" onerror=\"this.style.display='none'\"  \/>\n\t<p>Nous commen\u00e7ons la visite par la porte principale. Nous sommes dans l&#8217;av. principale et nous tournerons \u00e0 droite dans l&#8217;av. du puits. Nous continuerons tout droit en d\u00e9passant le b\u00e2timent sur votre droite et en s&#8217;engageant toujours tout droit dans l&#8217;av. Casimir Perier. Nous allons la remonter en d\u00e9passant sur la gauche les chemins Bichat puis Chenier. A partir d&#8217;ici, faites quelques pas et tout de suite sur votre droite vous verrez en arri\u00e8re plan la premi\u00e8re s\u00e9pulture de la balade : la chapelle d&#8217;H\u00e9lo\u00efse et Abelard.<\/p>\n\t\t\t<a href=\"https:\/\/visiteperelachaise.online\/?page_id=167\" target=\"_self\" rel=\"noopener\">\n\t\t\t\t\t\t\tH\u00e9lo\u00efse et Abelard\n\t\t\t\t\t<\/a>\n\n","protected":false},"excerpt":{"rendered":"<p>D\u00e9but de la balade par la porte principale Nous commen\u00e7ons la visite par la porte principale. Nous sommes dans l&#8217;av. principale et nous tournerons \u00e0 droite dans l&#8217;av. du puits. Nous continuerons tout droit en d\u00e9passant le b\u00e2timent sur votre droite et en s&#8217;engageant toujours tout droit dans l&#8217;av. Casimir Perier. Nous allons la remonter [&hellip;]<\/p>\n","protected":false},"author":1,"featured_media":0,"parent":0,"menu_order":0,"comment_status":"closed","ping_status":"closed","template":"","meta":{"om_disable_all_campaigns":false,"footnotes":""},"aioseo_notices":[],"_links":{"self":[{"href":"https:\/\/visiteperelachaise.online\/index.php?rest_route=\/wp\/v2\/pages\/58"}],"collection":[{"href":"https:\/\/visiteperelachaise.online\/index.php?rest_route=\/wp\/v2\/pages"}],"about":[{"href":"https:\/\/visiteperelachaise.online\/index.php?rest_route=\/wp\/v2\/types\/page"}],"author":[{"embeddable":true,"href":"https:\/\/visiteperelachaise.online\/index.php?rest_route=\/wp\/v2\/users\/1"}],"replies":[{"embeddable":true,"href":"https:\/\/visiteperelachaise.online\/index.php?rest_route=%2Fwp%2Fv2%2Fcomments&post=58"}],"version-history":[{"count":9,"href":"https:\/\/visiteperelachaise.online\/index.php?rest_route=\/wp\/v2\/pages\/58\/revisions"}],"predecessor-version":[{"id":318,"href":"https:\/\/visiteperelachaise.online\/index.php?rest_route=\/wp\/v2\/pages\/58\/revisions\/318"}],"wp:attachment":[{"href":"https:\/\/visiteperelachaise.online\/index.php?rest_route=%2Fwp%2Fv2%2Fmedia&parent=58"}],"curies":[{"name":"wp","href":"https:\/\/api.w.org\/{rel}","templated":true}]}}