{"id":79,"date":"2023-10-30T12:13:24","date_gmt":"2023-10-30T11:13:24","guid":{"rendered":"https:\/\/visiteperelachaise.online\/?page_id=79"},"modified":"2023-12-07T14:32:22","modified_gmt":"2023-12-07T13:32:22","slug":"louis-lacombe","status":"publish","type":"page","link":"https:\/\/visiteperelachaise.online\/?page_id=79","title":{"rendered":"Louis Lacombe 1818-1884"},"content":{"rendered":"\n\n\t<h1>Louis Lacombe 1818-1884<\/h1>\n\t\t\t\t<img decoding=\"async\" src=\"http:\/\/visiteperelachaise.online\/wp-content\/uploads\/2023\/10\/20231011_091412-scaled.jpg\" alt=\"20231011_091412\" itemprop=\"image\" title=\"20231011_091412\" onerror=\"this.style.display='none'\"  \/>\n\t<p>Nous allons d\u00e9couvrir cette premi\u00e8re tombe en tentant un exercice classique au P\u00e8re Lachaise : d\u00e9coder une s\u00e9pulture.<\/p>\n<p>Si vous ne savez pas qui est Louis Lacombe vous pouvez en observant sa tombe, d\u00e9couvrir son m\u00e9tier. C&#8217;est un exemple assez simple, regardez bien les d\u00e9tails&#8230;<\/p>\n<p>R\u00e9ponse : Il y a une lyre sur la droite, cet instrument est l&#8217;attribut de sainte C\u00e9cile : la patronne des musiciens. On devine donc que Louis Lacombe \u00e9tait musicien&#8230; Pianiste et compositeur plus exactement. Son \u0153uvre la plus connue, une symphonie dramatique intitul\u00e9e Sapho, fut s\u00e9lectionn\u00e9e pour \u00eatre ex\u00e9cut\u00e9e lors de l&#8217;exposition universelle de Paris en 1878.<\/p>\nC&#8217;est avec la nouvelle l\u00e9gislation fun\u00e9raire de 1805 qui inaugure les concessions \u00e0 perp\u00e9tuit\u00e9 que l&#8217;id\u00e9e de cultiver le souvenir des d\u00e9funts en personnalisant leurs s\u00e9pultures se g\u00e9n\u00e9ralise. Les monuments fun\u00e9raires du XIXeme si\u00e8cle sont donc souvent repr\u00e9sentatifs de la personne ou de la famille qui s&#8217;y trouve. De nombreux d\u00e9tails d\u00e9coratifs peuvent vous permettre de d\u00e9couvrir des \u00e9l\u00e9ments de leur<br \/>\nvie. La prochaine tombe, celle de Jean Baptiste P\u00e9zon en est un tr\u00e8s bon exemple.\n\t<em>Dirigeons-nous vers la prochaine tombe. Retournez vous et montez le petit escalier \u00e0 votre droite. En haut des marches, tournez imm\u00e9diatement<\/em><br \/>\n<em>sur votre gauche, la premi\u00e8re tombe de l&#8217;all\u00e9e est celle de la famille Chassaing.<\/em><br \/>\n<em>Avancez et d\u00e9passez les deux petites chapelles qui se font face et vous verrez en <\/em><em>hauteur un personnage sur un lion &#8230;. Il s&#8217;agit de Jean Baptiste Pezon<\/em>\n\t\t\t<a href=\"https:\/\/visiteperelachaise.online\/?page_id=87\" target=\"_self\" rel=\"noopener\">\n\t\t\t\t\t\t\tJean Baptiste Pezon\n\t\t\t\t\t<\/a>\n\n","protected":false},"excerpt":{"rendered":"<p>Louis Lacombe 1818-1884 Nous allons d\u00e9couvrir cette premi\u00e8re tombe en tentant un exercice classique au P\u00e8re Lachaise : d\u00e9coder une s\u00e9pulture. Si vous ne savez pas qui est Louis Lacombe vous pouvez en observant sa tombe, d\u00e9couvrir son m\u00e9tier. C&#8217;est un exemple assez simple, regardez bien les d\u00e9tails&#8230; R\u00e9ponse : Il y a une lyre [&hellip;]<\/p>\n","protected":false},"author":1,"featured_media":0,"parent":0,"menu_order":0,"comment_status":"closed","ping_status":"closed","template":"","meta":{"om_disable_all_campaigns":false,"footnotes":""},"aioseo_notices":[],"_links":{"self":[{"href":"https:\/\/visiteperelachaise.online\/index.php?rest_route=\/wp\/v2\/pages\/79"}],"collection":[{"href":"https:\/\/visiteperelachaise.online\/index.php?rest_route=\/wp\/v2\/pages"}],"about":[{"href":"https:\/\/visiteperelachaise.online\/index.php?rest_route=\/wp\/v2\/types\/page"}],"author":[{"embeddable":true,"href":"https:\/\/visiteperelachaise.online\/index.php?rest_route=\/wp\/v2\/users\/1"}],"replies":[{"embeddable":true,"href":"https:\/\/visiteperelachaise.online\/index.php?rest_route=%2Fwp%2Fv2%2Fcomments&post=79"}],"version-history":[{"count":17,"href":"https:\/\/visiteperelachaise.online\/index.php?rest_route=\/wp\/v2\/pages\/79\/revisions"}],"predecessor-version":[{"id":314,"href":"https:\/\/visiteperelachaise.online\/index.php?rest_route=\/wp\/v2\/pages\/79\/revisions\/314"}],"wp:attachment":[{"href":"https:\/\/visiteperelachaise.online\/index.php?rest_route=%2Fwp%2Fv2%2Fmedia&parent=79"}],"curies":[{"name":"wp","href":"https:\/\/api.w.org\/{rel}","templated":true}]}}