{"id":91,"date":"2023-10-30T12:46:14","date_gmt":"2023-10-30T11:46:14","guid":{"rendered":"https:\/\/visiteperelachaise.online\/?page_id=91"},"modified":"2024-03-25T18:05:43","modified_gmt":"2024-03-25T17:05:43","slug":"allan-kardec-1804-1869","status":"publish","type":"page","link":"https:\/\/visiteperelachaise.online\/?page_id=91","title":{"rendered":"Allan Kardec 1804-1869"},"content":{"rendered":"\n\n\t<h1>Allan Kardec 1804-1869<\/h1>\n\t\t\t\t<img decoding=\"async\" src=\"http:\/\/visiteperelachaise.online\/wp-content\/uploads\/2023\/10\/20231011_093243-scaled.jpg\" alt=\"20231011_093243\" itemprop=\"image\" title=\"20231011_093243\" onerror=\"this.style.display='none'\"  \/>\n\tConnaissez vous Allan Kardec ? ou peut \u00eatre L\u00e9on-Hippolyte-Denizart Rivail de son vrai nom ?Essayons de deviner qui \u00e9tait cet homme.<br \/>\nD&#8217;abord observons la tombe : C&#8217;est une sorte de grand dolmen, abritant un buste. Tout autour, de nombreuses fleurs, des visiteurs qui se recueillent<br \/>\navan\u00e7ant leur main sur ce buste. Voici un dernier indice qui va peut \u00eatre vous permettre de trouver : Placez vous en face de la tombe, levez les yeux et lisez l&#8217;\u00e9pitaphe \u00abNa\u00eetre, mourir, rena\u00eetre encore et progresser sans cesse, telle est la Loi \u00bb.\nVous avez trouv\u00e9 ?<br \/>\nAllan Kardec est au milieu du XIXe si\u00e8cle le fondateur de la philosophie spirite ou spiritisme. Il a \u00e9crit de nombreux ouvrages dont \u00able livre des esprits\u00bb et \u00able livre des m\u00e9diums \u00bb. C&#8217;est \u00e9galement le fondateur de la revue Spirite magazine encore publi\u00e9 aujourd&#8217;hui, dans plusieurs langues.\nMais reprenons nos indices&#8230;<br \/>\nSa tombe repr\u00e9sente un dolmen car il pense avoir \u00e9t\u00e9 druide, en Bretagne, lors d&#8217;une vie ant\u00e9rieure. Un druide qui portait le nom &#8230;. D&#8217;Allen Kardec !! Il faut toucher le buste (sign\u00e9 de \u00abPaul-Gabriel Capellaro \u00bb) pour s&#8217;impr\u00e9gner de son \u00abmagn\u00e9tisme\u00bb. Lieu de recueillement, cette tombe est l&#8217;une des plus fleuries et des plus visit\u00e9es du cimeti\u00e8re. Des m\u00e9diums et des adeptes de divers courants spirituels viennent r\u00e9guli\u00e8rement chercher l&#8217;inspiration sur le buste d&#8217;Allan Kardec. Ceci n&#8217;est pas appr\u00e9ci\u00e9 de tous car le 01 Juillet 1989 la tombe<br \/>\nfut victime d&#8217;un attentat qui l&#8217;endommagea gravement. Observez bien les jointures r\u00e9centes de la s\u00e9pulture. Les pierres sont tomb\u00e9es sur la tombe d&#8217;en face, des crochets y retenaient une plaque qui a disparu laissant place \u00e0 quelques impacts. Vous voyez ?<br \/>\nIl est temps pour vous si vous le voulez de vous ressourcer en allant polir un peu plus le cr\u00e2ne de Mr Kardec ou de continuer la balade&#8230; Balzac nous attend !!\n\t<p><em>Descendez le reste de l&#8217;<\/em><em>avenue \u00ab av. des \u00e9trangers morts pour la France \u00bb puis prenez \u00e0 droite la Transversale n\u00b01. Tout au bout de l&#8217;avenue, vous <\/em><em>serez en face de la plus haute s\u00e9pulture du cimeti\u00e8re. Visible de la tour Eiffel, la <\/em><em>tombe de Felix de Beaujour culmine avec ses 21 m\u00e8tres le \u00ab tout Paris \u00bb. Lorsque <\/em><em>vous serez arriv\u00e9 au bout de l&#8217;avenue vous descendrez \u00e0 gauche, le chemin <\/em><em>Casimir Delavigne.<\/em><\/p>\n\t\t\t<a href=\"https:\/\/visiteperelachaise.online\/?page_id=106\" target=\"_self\" rel=\"noopener\">\n\t\t\t\t\t\t\tHonor\u00e9 de Balzac\n\t\t\t\t\t<\/a>\n\n","protected":false},"excerpt":{"rendered":"<p>Allan Kardec 1804-1869 Connaissez vous Allan Kardec ? ou peut \u00eatre L\u00e9on-Hippolyte-Denizart Rivail de son vrai nom ?Essayons de deviner qui \u00e9tait cet homme. D&#8217;abord observons la tombe : C&#8217;est une sorte de grand dolmen, abritant un buste. Tout autour, de nombreuses fleurs, des visiteurs qui se recueillent avan\u00e7ant leur main sur ce buste. Voici [&hellip;]<\/p>\n","protected":false},"author":1,"featured_media":0,"parent":0,"menu_order":0,"comment_status":"closed","ping_status":"closed","template":"","meta":{"om_disable_all_campaigns":false,"footnotes":""},"aioseo_notices":[],"_links":{"self":[{"href":"https:\/\/visiteperelachaise.online\/index.php?rest_route=\/wp\/v2\/pages\/91"}],"collection":[{"href":"https:\/\/visiteperelachaise.online\/index.php?rest_route=\/wp\/v2\/pages"}],"about":[{"href":"https:\/\/visiteperelachaise.online\/index.php?rest_route=\/wp\/v2\/types\/page"}],"author":[{"embeddable":true,"href":"https:\/\/visiteperelachaise.online\/index.php?rest_route=\/wp\/v2\/users\/1"}],"replies":[{"embeddable":true,"href":"https:\/\/visiteperelachaise.online\/index.php?rest_route=%2Fwp%2Fv2%2Fcomments&post=91"}],"version-history":[{"count":9,"href":"https:\/\/visiteperelachaise.online\/index.php?rest_route=\/wp\/v2\/pages\/91\/revisions"}],"predecessor-version":[{"id":378,"href":"https:\/\/visiteperelachaise.online\/index.php?rest_route=\/wp\/v2\/pages\/91\/revisions\/378"}],"wp:attachment":[{"href":"https:\/\/visiteperelachaise.online\/index.php?rest_route=%2Fwp%2Fv2%2Fmedia&parent=91"}],"curies":[{"name":"wp","href":"https:\/\/api.w.org\/{rel}","templated":true}]}}